{"id":999,"date":"2025-02-27T17:02:28","date_gmt":"2025-02-27T16:02:28","guid":{"rendered":"https:\/\/maenm.es\/?post_type=product&#038;p=999"},"modified":"2025-02-27T17:09:05","modified_gmt":"2025-02-27T16:09:05","slug":"puzzle-foto-papa","status":"publish","type":"product","link":"https:\/\/maenm.es\/index.php\/producto\/puzzle-foto-papa\/","title":{"rendered":"Puzzle foto pap\u00e1"},"content":{"rendered":"","protected":false},"excerpt":{"rendered":"<p>Descubre la magia de personalizar tus momentos especiales con nuestro encantador puzzle de madera. Este puzzle no solo es un juego, sino tambi\u00e9n una obra de arte \u00fanica, ya que puedes incluir tu propia foto y una dedicatoria especial. Perfecto para regalar en cumplea\u00f1os, aniversarios o cualquier ocasi\u00f3n significativa, cada pieza cuenta una historia y crea recuerdos inolvidables. \u00a1Haz que cada momento cuente y sorprende a tus seres queridos con un regalo que podr\u00e1n disfrutar una y otra vez<\/p>\n","protected":false},"featured_media":1001,"comment_status":"open","ping_status":"closed","template":"","meta":[],"product_brand":[],"product_cat":[167,168],"product_tag":[],"giftcard-category":[],"class_list":{"0":"post-999","1":"product","2":"type-product","3":"status-publish","4":"has-post-thumbnail","6":"product_cat-abuelo","7":"product_cat-papa","9":"first","10":"instock","11":"shipping-taxable","12":"purchasable","13":"product-type-simple"},"_links":{"self":[{"href":"https:\/\/maenm.es\/index.php\/wp-json\/wp\/v2\/product\/999","targetHints":{"allow":["GET"]}}],"collection":[{"href":"https:\/\/maenm.es\/index.php\/wp-json\/wp\/v2\/product"}],"about":[{"href":"https:\/\/maenm.es\/index.php\/wp-json\/wp\/v2\/types\/product"}],"replies":[{"embeddable":true,"href":"https:\/\/maenm.es\/index.php\/wp-json\/wp\/v2\/comments?post=999"}],"wp:featuredmedia":[{"embeddable":true,"href":"https:\/\/maenm.es\/index.php\/wp-json\/wp\/v2\/media\/1001"}],"wp:attachment":[{"href":"https:\/\/maenm.es\/index.php\/wp-json\/wp\/v2\/media?parent=999"}],"wp:term":[{"taxonomy":"product_brand","embeddable":true,"href":"https:\/\/maenm.es\/index.php\/wp-json\/wp\/v2\/product_brand?post=999"},{"taxonomy":"product_cat","embeddable":true,"href":"https:\/\/maenm.es\/index.php\/wp-json\/wp\/v2\/product_cat?post=999"},{"taxonomy":"product_tag","embeddable":true,"href":"https:\/\/maenm.es\/index.php\/wp-json\/wp\/v2\/product_tag?post=999"},{"taxonomy":"giftcard-category","embeddable":true,"href":"https:\/\/maenm.es\/index.php\/wp-json\/wp\/v2\/giftcard-category?post=999"}],"curies":[{"name":"wp","href":"https:\/\/api.w.org\/{rel}","templated":true}]}}