{"id":994,"date":"2025-02-27T09:55:31","date_gmt":"2025-02-27T08:55:31","guid":{"rendered":"https:\/\/maenm.es\/?post_type=product&#038;p=994"},"modified":"2025-04-21T08:41:20","modified_gmt":"2025-04-21T06:41:20","slug":"marco-papa-razones","status":"publish","type":"product","link":"https:\/\/maenm.es\/index.php\/producto\/marco-papa-razones\/","title":{"rendered":"Marco pap\u00e1 razones"},"content":{"rendered":"","protected":false},"excerpt":{"rendered":"<p>Celebra el d\u00eda del padre de una manera \u00fanica y conmovedora con nuestro marco personalizado. Este regalo especial incluye un dise\u00f1o encantador donde podr\u00e1s plasmar 11 razones que hacen de \u00e9l el mejor padre del mundo. Desde su incondicional apoyo hasta esos momentos divertidos que siempre recordamos, cada raz\u00f3n ser\u00e1 un recordatorio del amor y la gratitud que sentimos. Ideal para cualquier rinc\u00f3n de su hogar, este marco no solo es un adorno, sino un tesoro lleno de emociones. \u00a1Haz que este D\u00eda del Padre sea inolvidable con un regalo que habla desde el coraz\u00f3n!<\/p>\n","protected":false},"featured_media":995,"comment_status":"open","ping_status":"closed","template":"","meta":[],"product_brand":[],"product_cat":[167,168,108],"product_tag":[],"giftcard-category":[],"class_list":{"0":"post-994","1":"product","2":"type-product","3":"status-publish","4":"has-post-thumbnail","6":"product_cat-abuelo","7":"product_cat-papa","8":"product_cat-para-padres-y-abuelos","10":"first","11":"instock","12":"shipping-taxable","13":"purchasable","14":"product-type-simple"},"_links":{"self":[{"href":"https:\/\/maenm.es\/index.php\/wp-json\/wp\/v2\/product\/994","targetHints":{"allow":["GET"]}}],"collection":[{"href":"https:\/\/maenm.es\/index.php\/wp-json\/wp\/v2\/product"}],"about":[{"href":"https:\/\/maenm.es\/index.php\/wp-json\/wp\/v2\/types\/product"}],"replies":[{"embeddable":true,"href":"https:\/\/maenm.es\/index.php\/wp-json\/wp\/v2\/comments?post=994"}],"wp:featuredmedia":[{"embeddable":true,"href":"https:\/\/maenm.es\/index.php\/wp-json\/wp\/v2\/media\/995"}],"wp:attachment":[{"href":"https:\/\/maenm.es\/index.php\/wp-json\/wp\/v2\/media?parent=994"}],"wp:term":[{"taxonomy":"product_brand","embeddable":true,"href":"https:\/\/maenm.es\/index.php\/wp-json\/wp\/v2\/product_brand?post=994"},{"taxonomy":"product_cat","embeddable":true,"href":"https:\/\/maenm.es\/index.php\/wp-json\/wp\/v2\/product_cat?post=994"},{"taxonomy":"product_tag","embeddable":true,"href":"https:\/\/maenm.es\/index.php\/wp-json\/wp\/v2\/product_tag?post=994"},{"taxonomy":"giftcard-category","embeddable":true,"href":"https:\/\/maenm.es\/index.php\/wp-json\/wp\/v2\/giftcard-category?post=994"}],"curies":[{"name":"wp","href":"https:\/\/api.w.org\/{rel}","templated":true}]}}