{"id":992,"date":"2025-02-21T20:20:03","date_gmt":"2025-02-21T19:20:03","guid":{"rendered":"https:\/\/maenm.es\/?post_type=product&#038;p=992"},"modified":"2025-03-02T00:07:53","modified_gmt":"2025-03-01T23:07:53","slug":"iman-con-foto-papa","status":"publish","type":"product","link":"https:\/\/maenm.es\/index.php\/producto\/iman-con-foto-papa\/","title":{"rendered":"Im\u00e1n con foto pap\u00e1"},"content":{"rendered":"<p>Hecho en contrachapado de madera de pino, con unas medidas de 13cm por 10cm. Incluye una foto de unos 7&#215;7 cm<\/p>\n","protected":false},"excerpt":{"rendered":"<p>\u00a1Celebra el D\u00eda del Padre de una manera \u00fanica y especial con nuestro im\u00e1n de madera personalizado! Este encantador im\u00e1n no solo es un hermoso recuerdo, sino que tambi\u00e9n puedes personalizarlo con una foto significativa y la frase &#8216;Te quiero&#8217;. Perfecto para mostrar tu amor y aprecio, este detalle es ideal para adornar el refrigerador o cualquier superficie met\u00e1lica. Haz que este D\u00eda del Padre sea inolvidable con un regalo que \u00e9l atesorar\u00e1 para siempre<\/p>\n","protected":false},"featured_media":993,"comment_status":"open","ping_status":"closed","template":"","meta":[],"product_brand":[],"product_cat":[167,168],"product_tag":[],"giftcard-category":[],"class_list":{"0":"post-992","1":"product","2":"type-product","3":"status-publish","4":"has-post-thumbnail","6":"product_cat-abuelo","7":"product_cat-papa","9":"first","10":"instock","11":"shipping-taxable","12":"purchasable","13":"product-type-simple"},"_links":{"self":[{"href":"https:\/\/maenm.es\/index.php\/wp-json\/wp\/v2\/product\/992","targetHints":{"allow":["GET"]}}],"collection":[{"href":"https:\/\/maenm.es\/index.php\/wp-json\/wp\/v2\/product"}],"about":[{"href":"https:\/\/maenm.es\/index.php\/wp-json\/wp\/v2\/types\/product"}],"replies":[{"embeddable":true,"href":"https:\/\/maenm.es\/index.php\/wp-json\/wp\/v2\/comments?post=992"}],"wp:featuredmedia":[{"embeddable":true,"href":"https:\/\/maenm.es\/index.php\/wp-json\/wp\/v2\/media\/993"}],"wp:attachment":[{"href":"https:\/\/maenm.es\/index.php\/wp-json\/wp\/v2\/media?parent=992"}],"wp:term":[{"taxonomy":"product_brand","embeddable":true,"href":"https:\/\/maenm.es\/index.php\/wp-json\/wp\/v2\/product_brand?post=992"},{"taxonomy":"product_cat","embeddable":true,"href":"https:\/\/maenm.es\/index.php\/wp-json\/wp\/v2\/product_cat?post=992"},{"taxonomy":"product_tag","embeddable":true,"href":"https:\/\/maenm.es\/index.php\/wp-json\/wp\/v2\/product_tag?post=992"},{"taxonomy":"giftcard-category","embeddable":true,"href":"https:\/\/maenm.es\/index.php\/wp-json\/wp\/v2\/giftcard-category?post=992"}],"curies":[{"name":"wp","href":"https:\/\/api.w.org\/{rel}","templated":true}]}}