{"id":963,"date":"2025-02-11T12:26:36","date_gmt":"2025-02-11T11:26:36","guid":{"rendered":"https:\/\/maenm.es\/?post_type=product&#038;p=963"},"modified":"2025-02-11T13:15:08","modified_gmt":"2025-02-11T12:15:08","slug":"cuadro-padrino-madrina-bautizo","status":"publish","type":"product","link":"https:\/\/maenm.es\/index.php\/producto\/cuadro-padrino-madrina-bautizo\/","title":{"rendered":"Cuadro padrino\/madrina bautizo"},"content":{"rendered":"<p>Medidas 25X25cm<\/p>\n","protected":false},"excerpt":{"rendered":"<p>Celebra el amor y el compromiso de los padrinos con nuestro hermoso cuadro personalizado para bautizo. Este elegante dise\u00f1o es una forma \u00fanica de agradecer a esos seres especiales que acompa\u00f1an a tu peque\u00f1o en su camino espiritual. Personal\u00edzalo con un mensaje significativo y el nombre del peque. Hecho con materiales de alta calidad, este cuadro se convertir\u00e1 en un recuerdo atesorado que podr\u00e1n exhibir con orgullo en su hogar. \u00a1Un regalo perfecto para una ocasi\u00f3n tan especial<\/p>\n","protected":false},"featured_media":964,"comment_status":"open","ping_status":"closed","template":"","meta":[],"product_brand":[],"product_cat":[72,173,211],"product_tag":[],"giftcard-category":[],"class_list":{"0":"post-963","1":"product","2":"type-product","3":"status-publish","4":"has-post-thumbnail","6":"product_cat-bautizos","7":"product_cat-padrinos-y-madrinas","8":"product_cat-para-padrinos-madrinas","10":"first","11":"instock","12":"shipping-taxable","13":"purchasable","14":"product-type-simple"},"_links":{"self":[{"href":"https:\/\/maenm.es\/index.php\/wp-json\/wp\/v2\/product\/963","targetHints":{"allow":["GET"]}}],"collection":[{"href":"https:\/\/maenm.es\/index.php\/wp-json\/wp\/v2\/product"}],"about":[{"href":"https:\/\/maenm.es\/index.php\/wp-json\/wp\/v2\/types\/product"}],"replies":[{"embeddable":true,"href":"https:\/\/maenm.es\/index.php\/wp-json\/wp\/v2\/comments?post=963"}],"wp:featuredmedia":[{"embeddable":true,"href":"https:\/\/maenm.es\/index.php\/wp-json\/wp\/v2\/media\/964"}],"wp:attachment":[{"href":"https:\/\/maenm.es\/index.php\/wp-json\/wp\/v2\/media?parent=963"}],"wp:term":[{"taxonomy":"product_brand","embeddable":true,"href":"https:\/\/maenm.es\/index.php\/wp-json\/wp\/v2\/product_brand?post=963"},{"taxonomy":"product_cat","embeddable":true,"href":"https:\/\/maenm.es\/index.php\/wp-json\/wp\/v2\/product_cat?post=963"},{"taxonomy":"product_tag","embeddable":true,"href":"https:\/\/maenm.es\/index.php\/wp-json\/wp\/v2\/product_tag?post=963"},{"taxonomy":"giftcard-category","embeddable":true,"href":"https:\/\/maenm.es\/index.php\/wp-json\/wp\/v2\/giftcard-category?post=963"}],"curies":[{"name":"wp","href":"https:\/\/api.w.org\/{rel}","templated":true}]}}