{"id":951,"date":"2025-02-10T21:57:04","date_gmt":"2025-02-10T20:57:04","guid":{"rendered":"https:\/\/maenm.es\/?post_type=product&#038;p=951"},"modified":"2025-11-07T23:09:12","modified_gmt":"2025-11-07T22:09:12","slug":"caja-musical-leon","status":"publish","type":"product","link":"https:\/\/maenm.es\/index.php\/producto\/caja-musical-leon\/","title":{"rendered":"Caja musical le\u00f3n"},"content":{"rendered":"<p>Hecho en madera y tul con unas medidas de 28&#215;22 cm<\/p>\n","protected":false},"excerpt":{"rendered":"<p>\u00a1Dale un toque especial a la habitaci\u00f3n de tu peque\u00f1o con nuestro encantador colgador musical en forma de cabeza de le\u00f3n!  Este adorable colgador no solo es funcional, sino que tambi\u00e9n a\u00f1ade un elemento decorativo \u00fanico. Personal\u00edzalo con el nombre de tu beb\u00e9 para hacerlo a\u00fan m\u00e1s especial. Es el complemento perfecto para cualquier espacio. \u00a1Haz que cada momento sea m\u00e1gico con la suave melod\u00eda que acompa\u00f1a a este hermoso colgador!<\/p>\n","protected":false},"featured_media":953,"comment_status":"open","ping_status":"closed","template":"","meta":[],"product_brand":[],"product_cat":[172,140,76],"product_tag":[],"giftcard-category":[],"class_list":{"0":"post-951","1":"product","2":"type-product","3":"status-publish","4":"has-post-thumbnail","6":"product_cat-embarazadas-y-peques","7":"product_cat-para-su-habitacion","8":"product_cat-peques","10":"first","11":"instock","12":"featured","13":"shipping-taxable","14":"purchasable","15":"product-type-simple"},"_links":{"self":[{"href":"https:\/\/maenm.es\/index.php\/wp-json\/wp\/v2\/product\/951","targetHints":{"allow":["GET"]}}],"collection":[{"href":"https:\/\/maenm.es\/index.php\/wp-json\/wp\/v2\/product"}],"about":[{"href":"https:\/\/maenm.es\/index.php\/wp-json\/wp\/v2\/types\/product"}],"replies":[{"embeddable":true,"href":"https:\/\/maenm.es\/index.php\/wp-json\/wp\/v2\/comments?post=951"}],"wp:featuredmedia":[{"embeddable":true,"href":"https:\/\/maenm.es\/index.php\/wp-json\/wp\/v2\/media\/953"}],"wp:attachment":[{"href":"https:\/\/maenm.es\/index.php\/wp-json\/wp\/v2\/media?parent=951"}],"wp:term":[{"taxonomy":"product_brand","embeddable":true,"href":"https:\/\/maenm.es\/index.php\/wp-json\/wp\/v2\/product_brand?post=951"},{"taxonomy":"product_cat","embeddable":true,"href":"https:\/\/maenm.es\/index.php\/wp-json\/wp\/v2\/product_cat?post=951"},{"taxonomy":"product_tag","embeddable":true,"href":"https:\/\/maenm.es\/index.php\/wp-json\/wp\/v2\/product_tag?post=951"},{"taxonomy":"giftcard-category","embeddable":true,"href":"https:\/\/maenm.es\/index.php\/wp-json\/wp\/v2\/giftcard-category?post=951"}],"curies":[{"name":"wp","href":"https:\/\/api.w.org\/{rel}","templated":true}]}}