{"id":943,"date":"2025-02-09T20:51:21","date_gmt":"2025-02-09T19:51:21","guid":{"rendered":"https:\/\/maenm.es\/?post_type=product&#038;p=943"},"modified":"2025-02-09T21:02:19","modified_gmt":"2025-02-09T20:02:19","slug":"tabla-rutina-ninos","status":"publish","type":"product","link":"https:\/\/maenm.es\/index.php\/producto\/tabla-rutina-ninos\/","title":{"rendered":"Tabla rutina ni\u00f1os"},"content":{"rendered":"<p>Con unas medidas de 20&#215;30 cm. Cada tabla se personaliza con el nombre de tu peque\u00f1o en relieve, y puedes elegir el color que m\u00e1s te guste para que se adapte a su estilo. Desde las ma\u00f1anas hasta la hora de dormir, esta herramienta no solo les ense\u00f1ar\u00e1 la importancia de la organizaci\u00f3n, sino que tambi\u00e9n les dar\u00e1 un sentido de responsabilidad y autonom\u00eda.<\/p>\n","protected":false},"excerpt":{"rendered":"<p>Tabla de Rutina para Peques &#8211; \u00a1Organiza su D\u00eda con Estilo!<br \/>Presentamos nuestra encantadora tabla de madera personalizada, dise\u00f1ada especialmente para ayudar a los m\u00e1s peque\u00f1os a tener un d\u00eda m\u00e1s ordenado y divertido, esta tabla es perfecta para que los peques sigan su rutina diaria de manera sencilla y visual.<br \/>\u00a1Haz que cada d\u00eda sea una nueva aventura con nuestra tabla de rutina! Ideal para el hogar, la escuela o cualquier lugar donde los peques necesiten un poco de ayuda para mantenerse en el camino correcto.<\/p>\n","protected":false},"featured_media":946,"comment_status":"open","ping_status":"closed","template":"","meta":[],"product_brand":[],"product_cat":[76],"product_tag":[],"giftcard-category":[],"class_list":{"0":"post-943","1":"product","2":"type-product","3":"status-publish","4":"has-post-thumbnail","6":"product_cat-peques","8":"first","9":"instock","10":"shipping-taxable","11":"purchasable","12":"product-type-simple"},"_links":{"self":[{"href":"https:\/\/maenm.es\/index.php\/wp-json\/wp\/v2\/product\/943","targetHints":{"allow":["GET"]}}],"collection":[{"href":"https:\/\/maenm.es\/index.php\/wp-json\/wp\/v2\/product"}],"about":[{"href":"https:\/\/maenm.es\/index.php\/wp-json\/wp\/v2\/types\/product"}],"replies":[{"embeddable":true,"href":"https:\/\/maenm.es\/index.php\/wp-json\/wp\/v2\/comments?post=943"}],"wp:featuredmedia":[{"embeddable":true,"href":"https:\/\/maenm.es\/index.php\/wp-json\/wp\/v2\/media\/946"}],"wp:attachment":[{"href":"https:\/\/maenm.es\/index.php\/wp-json\/wp\/v2\/media?parent=943"}],"wp:term":[{"taxonomy":"product_brand","embeddable":true,"href":"https:\/\/maenm.es\/index.php\/wp-json\/wp\/v2\/product_brand?post=943"},{"taxonomy":"product_cat","embeddable":true,"href":"https:\/\/maenm.es\/index.php\/wp-json\/wp\/v2\/product_cat?post=943"},{"taxonomy":"product_tag","embeddable":true,"href":"https:\/\/maenm.es\/index.php\/wp-json\/wp\/v2\/product_tag?post=943"},{"taxonomy":"giftcard-category","embeddable":true,"href":"https:\/\/maenm.es\/index.php\/wp-json\/wp\/v2\/giftcard-category?post=943"}],"curies":[{"name":"wp","href":"https:\/\/api.w.org\/{rel}","templated":true}]}}