{"id":920,"date":"2025-02-08T21:16:53","date_gmt":"2025-02-08T20:16:53","guid":{"rendered":"https:\/\/maenm.es\/?post_type=product&#038;p=920"},"modified":"2025-04-05T12:10:23","modified_gmt":"2025-04-05T10:10:23","slug":"libro-firmas-comunion","status":"publish","type":"product","link":"https:\/\/maenm.es\/index.php\/producto\/libro-firmas-comunion\/","title":{"rendered":"Libro firmas Comuni\u00f3n"},"content":{"rendered":"<p>Con unas medidas de 23cm por 30cm<\/p>\n","protected":false},"excerpt":{"rendered":"<p>Precioso libro de firmas con las tapas de madera y cierre con lazo. Donde podr\u00e1 guardar fotos y recuerdos del d\u00eda de su Primera Comuni\u00f3n<\/p>\n","protected":false},"featured_media":921,"comment_status":"open","ping_status":"closed","template":"","meta":[],"product_brand":[],"product_cat":[73,133],"product_tag":[],"giftcard-category":[],"class_list":{"0":"post-920","1":"product","2":"type-product","3":"status-publish","4":"has-post-thumbnail","6":"product_cat-comuniones","7":"product_cat-libros-de-firmas-detalles-y-recordatorios-comuniones","9":"first","10":"instock","11":"shipping-taxable","12":"purchasable","13":"product-type-simple"},"_links":{"self":[{"href":"https:\/\/maenm.es\/index.php\/wp-json\/wp\/v2\/product\/920","targetHints":{"allow":["GET"]}}],"collection":[{"href":"https:\/\/maenm.es\/index.php\/wp-json\/wp\/v2\/product"}],"about":[{"href":"https:\/\/maenm.es\/index.php\/wp-json\/wp\/v2\/types\/product"}],"replies":[{"embeddable":true,"href":"https:\/\/maenm.es\/index.php\/wp-json\/wp\/v2\/comments?post=920"}],"wp:featuredmedia":[{"embeddable":true,"href":"https:\/\/maenm.es\/index.php\/wp-json\/wp\/v2\/media\/921"}],"wp:attachment":[{"href":"https:\/\/maenm.es\/index.php\/wp-json\/wp\/v2\/media?parent=920"}],"wp:term":[{"taxonomy":"product_brand","embeddable":true,"href":"https:\/\/maenm.es\/index.php\/wp-json\/wp\/v2\/product_brand?post=920"},{"taxonomy":"product_cat","embeddable":true,"href":"https:\/\/maenm.es\/index.php\/wp-json\/wp\/v2\/product_cat?post=920"},{"taxonomy":"product_tag","embeddable":true,"href":"https:\/\/maenm.es\/index.php\/wp-json\/wp\/v2\/product_tag?post=920"},{"taxonomy":"giftcard-category","embeddable":true,"href":"https:\/\/maenm.es\/index.php\/wp-json\/wp\/v2\/giftcard-category?post=920"}],"curies":[{"name":"wp","href":"https:\/\/api.w.org\/{rel}","templated":true}]}}