{"id":916,"date":"2025-02-08T20:43:24","date_gmt":"2025-02-08T19:43:24","guid":{"rendered":"https:\/\/maenm.es\/?post_type=product&#038;p=916"},"modified":"2025-04-05T12:08:36","modified_gmt":"2025-04-05T10:08:36","slug":"cake-topper-comunion","status":"publish","type":"product","link":"https:\/\/maenm.es\/index.php\/producto\/cake-topper-comunion\/","title":{"rendered":"Cake topper Comuni\u00f3n"},"content":{"rendered":"<p>Este elegante adorno, con un tama\u00f1o de aproximadamente 17 cm de ancho y 20 cm de alto, es el toque perfecto para realzar la presentaci\u00f3n de tu pastel. <\/p>\n","protected":false},"excerpt":{"rendered":"<p>Celebra ese d\u00eda tan especial con nuestro encantador cake topper de madera, dise\u00f1ado especialmente para comuniones. Personal\u00edzalo con el nombre que desees en relieve, y elige entre una variedad de colores para que combine a la perfecci\u00f3n con la tem\u00e1tica de tu celebraci\u00f3n. Hecho con materiales de alta calidad, este topper no solo es un hermoso detalle decorativo, sino que tambi\u00e9n se convertir\u00e1 en un recuerdo inolvidable de este momento tan significativo.<\/p>\n<p>\u00a1Haz que la comuni\u00f3n de tu peque\u00f1o sea a\u00fan m\u00e1s especial con este cake topper \u00fanico y personalizado!<\/p>\n","protected":false},"featured_media":917,"comment_status":"open","ping_status":"closed","template":"","meta":[],"product_brand":[],"product_cat":[134,73],"product_tag":[],"giftcard-category":[],"class_list":{"0":"post-916","1":"product","2":"type-product","3":"status-publish","4":"has-post-thumbnail","6":"product_cat-cake-toppers-detalles-y-recordatorios-comuniones","7":"product_cat-comuniones","9":"first","10":"instock","11":"shipping-taxable","12":"purchasable","13":"product-type-simple"},"_links":{"self":[{"href":"https:\/\/maenm.es\/index.php\/wp-json\/wp\/v2\/product\/916","targetHints":{"allow":["GET"]}}],"collection":[{"href":"https:\/\/maenm.es\/index.php\/wp-json\/wp\/v2\/product"}],"about":[{"href":"https:\/\/maenm.es\/index.php\/wp-json\/wp\/v2\/types\/product"}],"replies":[{"embeddable":true,"href":"https:\/\/maenm.es\/index.php\/wp-json\/wp\/v2\/comments?post=916"}],"wp:featuredmedia":[{"embeddable":true,"href":"https:\/\/maenm.es\/index.php\/wp-json\/wp\/v2\/media\/917"}],"wp:attachment":[{"href":"https:\/\/maenm.es\/index.php\/wp-json\/wp\/v2\/media?parent=916"}],"wp:term":[{"taxonomy":"product_brand","embeddable":true,"href":"https:\/\/maenm.es\/index.php\/wp-json\/wp\/v2\/product_brand?post=916"},{"taxonomy":"product_cat","embeddable":true,"href":"https:\/\/maenm.es\/index.php\/wp-json\/wp\/v2\/product_cat?post=916"},{"taxonomy":"product_tag","embeddable":true,"href":"https:\/\/maenm.es\/index.php\/wp-json\/wp\/v2\/product_tag?post=916"},{"taxonomy":"giftcard-category","embeddable":true,"href":"https:\/\/maenm.es\/index.php\/wp-json\/wp\/v2\/giftcard-category?post=916"}],"curies":[{"name":"wp","href":"https:\/\/api.w.org\/{rel}","templated":true}]}}