{"id":897,"date":"2025-01-22T21:42:59","date_gmt":"2025-01-22T20:42:59","guid":{"rendered":"https:\/\/maenm.es\/?post_type=product&#038;p=897"},"modified":"2025-06-06T16:28:45","modified_gmt":"2025-06-06T14:28:45","slug":"porta-alianzas","status":"publish","type":"product","link":"https:\/\/maenm.es\/index.php\/producto\/porta-alianzas\/","title":{"rendered":"Porta alianzas madera"},"content":{"rendered":"<p>Elaborado con madera de alta calidad y con un ramillete y paniculata.<\/p>\n","protected":false},"excerpt":{"rendered":"<p><strong>Descubre nuestro Porta Alianzas Natural<\/strong>: Un hermoso y \u00fanico porta alianzas hecho de una rodaja de madera, adornado con delicadas flores preservadas. Este encantador accesorio no solo es funcional, sino que tambi\u00e9n a\u00f1ade un toque r\u00fastico y rom\u00e1ntico a tu ceremonia. Personaliza tu porta alianzas grabando los nombres de los novios y cualquier mensaje especial que desees. Ideal para capturar la esencia de tu amor y hacer de tu d\u00eda especial un recuerdo inolvidable. \u00a1Haz que tu boda sea a\u00fan m\u00e1s m\u00e1gica con este detalle \u00fanico!<\/p>\n","protected":false},"featured_media":898,"comment_status":"open","ping_status":"closed","template":"","meta":[],"product_brand":[],"product_cat":[210,71],"product_tag":[],"giftcard-category":[],"class_list":{"0":"post-897","1":"product","2":"type-product","3":"status-publish","4":"has-post-thumbnail","6":"product_cat-porta-alianzas","7":"product_cat-bodas","9":"first","10":"instock","11":"shipping-taxable","12":"purchasable","13":"product-type-simple"},"_links":{"self":[{"href":"https:\/\/maenm.es\/index.php\/wp-json\/wp\/v2\/product\/897","targetHints":{"allow":["GET"]}}],"collection":[{"href":"https:\/\/maenm.es\/index.php\/wp-json\/wp\/v2\/product"}],"about":[{"href":"https:\/\/maenm.es\/index.php\/wp-json\/wp\/v2\/types\/product"}],"replies":[{"embeddable":true,"href":"https:\/\/maenm.es\/index.php\/wp-json\/wp\/v2\/comments?post=897"}],"wp:featuredmedia":[{"embeddable":true,"href":"https:\/\/maenm.es\/index.php\/wp-json\/wp\/v2\/media\/898"}],"wp:attachment":[{"href":"https:\/\/maenm.es\/index.php\/wp-json\/wp\/v2\/media?parent=897"}],"wp:term":[{"taxonomy":"product_brand","embeddable":true,"href":"https:\/\/maenm.es\/index.php\/wp-json\/wp\/v2\/product_brand?post=897"},{"taxonomy":"product_cat","embeddable":true,"href":"https:\/\/maenm.es\/index.php\/wp-json\/wp\/v2\/product_cat?post=897"},{"taxonomy":"product_tag","embeddable":true,"href":"https:\/\/maenm.es\/index.php\/wp-json\/wp\/v2\/product_tag?post=897"},{"taxonomy":"giftcard-category","embeddable":true,"href":"https:\/\/maenm.es\/index.php\/wp-json\/wp\/v2\/giftcard-category?post=897"}],"curies":[{"name":"wp","href":"https:\/\/api.w.org\/{rel}","templated":true}]}}