{"id":874,"date":"2024-10-31T21:10:38","date_gmt":"2024-10-31T20:10:38","guid":{"rendered":"https:\/\/maenm.es\/?post_type=product&#038;p=874"},"modified":"2025-11-07T21:35:12","modified_gmt":"2025-11-07T20:35:12","slug":"invitacion-navidena","status":"publish","type":"product","link":"https:\/\/maenm.es\/index.php\/producto\/invitacion-navidena\/","title":{"rendered":"Invitaci\u00f3n navide\u00f1a"},"content":{"rendered":"<p>Tarjeta de Navidad: 135 \u00d7 200 mm El color r\u00fastico, las marcas, los nudos y las ligeras grietas en este adorno variar\u00e1n debido a que est\u00e1 hecho de madera.<br \/>El grabado puede ser un poco m\u00e1s claro u oscuro en algunas \u00e1reas. Sin embargo, estas caracter\u00edsticas menores hacen que cada una de esta tarjeta sea \u00fanica y exclusiva.<\/p>\n","protected":false},"excerpt":{"rendered":"<p>Esta tarjeta de Navidad con adorno\u00a0navide\u00f1o personalizado es un recuerdo de Navidad perfecto para una persona especial e.<br \/>Cada tarjeta contiene una inscripci\u00f3n personalizada y adorno de navidad que se puede colgar en un \u00e1rbol de Navidad.<br \/>El adorno se puede quitar f\u00e1cilmente de la tarjeta de felicitaci\u00f3n y tiene un agujero para el cordel que viene incluido<\/p>\n","protected":false},"featured_media":875,"comment_status":"open","ping_status":"closed","template":"","meta":[],"product_brand":[],"product_cat":[209,218],"product_tag":[215],"giftcard-category":[],"class_list":{"0":"post-874","1":"product","2":"type-product","3":"status-publish","4":"has-post-thumbnail","6":"product_cat-navidad","7":"product_cat-postales","8":"product_tag-navidad","10":"first","11":"instock","12":"shipping-taxable","13":"purchasable","14":"product-type-simple"},"_links":{"self":[{"href":"https:\/\/maenm.es\/index.php\/wp-json\/wp\/v2\/product\/874","targetHints":{"allow":["GET"]}}],"collection":[{"href":"https:\/\/maenm.es\/index.php\/wp-json\/wp\/v2\/product"}],"about":[{"href":"https:\/\/maenm.es\/index.php\/wp-json\/wp\/v2\/types\/product"}],"replies":[{"embeddable":true,"href":"https:\/\/maenm.es\/index.php\/wp-json\/wp\/v2\/comments?post=874"}],"wp:featuredmedia":[{"embeddable":true,"href":"https:\/\/maenm.es\/index.php\/wp-json\/wp\/v2\/media\/875"}],"wp:attachment":[{"href":"https:\/\/maenm.es\/index.php\/wp-json\/wp\/v2\/media?parent=874"}],"wp:term":[{"taxonomy":"product_brand","embeddable":true,"href":"https:\/\/maenm.es\/index.php\/wp-json\/wp\/v2\/product_brand?post=874"},{"taxonomy":"product_cat","embeddable":true,"href":"https:\/\/maenm.es\/index.php\/wp-json\/wp\/v2\/product_cat?post=874"},{"taxonomy":"product_tag","embeddable":true,"href":"https:\/\/maenm.es\/index.php\/wp-json\/wp\/v2\/product_tag?post=874"},{"taxonomy":"giftcard-category","embeddable":true,"href":"https:\/\/maenm.es\/index.php\/wp-json\/wp\/v2\/giftcard-category?post=874"}],"curies":[{"name":"wp","href":"https:\/\/api.w.org\/{rel}","templated":true}]}}