{"id":862,"date":"2024-10-22T13:26:24","date_gmt":"2024-10-22T11:26:24","guid":{"rendered":"https:\/\/maenm.es\/?post_type=product&#038;p=862"},"modified":"2025-11-07T22:21:33","modified_gmt":"2025-11-07T21:21:33","slug":"adorno-arbol-navidad","status":"publish","type":"product","link":"https:\/\/maenm.es\/index.php\/producto\/adorno-arbol-navidad\/","title":{"rendered":"Adorno \u00e1rbol Navidad"},"content":{"rendered":"<p>Medida: 8 cm de di\u00e1metro aproximadamente<\/p>\n","protected":false},"excerpt":{"rendered":"<p>Permite que el esp\u00edritu navide\u00f1o llene tu hogar decor\u00e1ndolo con unos adornos de Navidad \u00fanicos y originales! Quedan fant\u00e1sticas en el \u00e1rbol de Navidad y en cualquier rinc\u00f3n de la casa, dar\u00e1n un toque elegante cuando pongas la mesa y tambi\u00e9n quedan muy bonitas si las usas como etiquetas para los regalos.<\/p>\n","protected":false},"featured_media":1201,"comment_status":"open","ping_status":"closed","template":"","meta":[],"product_brand":[],"product_cat":[209,216],"product_tag":[215],"giftcard-category":[],"class_list":{"0":"post-862","1":"product","2":"type-product","3":"status-publish","4":"has-post-thumbnail","6":"product_cat-navidad","7":"product_cat-adornos-navidenos","8":"product_tag-navidad","10":"first","11":"instock","12":"shipping-taxable","13":"purchasable","14":"product-type-simple"},"_links":{"self":[{"href":"https:\/\/maenm.es\/index.php\/wp-json\/wp\/v2\/product\/862","targetHints":{"allow":["GET"]}}],"collection":[{"href":"https:\/\/maenm.es\/index.php\/wp-json\/wp\/v2\/product"}],"about":[{"href":"https:\/\/maenm.es\/index.php\/wp-json\/wp\/v2\/types\/product"}],"replies":[{"embeddable":true,"href":"https:\/\/maenm.es\/index.php\/wp-json\/wp\/v2\/comments?post=862"}],"wp:featuredmedia":[{"embeddable":true,"href":"https:\/\/maenm.es\/index.php\/wp-json\/wp\/v2\/media\/1201"}],"wp:attachment":[{"href":"https:\/\/maenm.es\/index.php\/wp-json\/wp\/v2\/media?parent=862"}],"wp:term":[{"taxonomy":"product_brand","embeddable":true,"href":"https:\/\/maenm.es\/index.php\/wp-json\/wp\/v2\/product_brand?post=862"},{"taxonomy":"product_cat","embeddable":true,"href":"https:\/\/maenm.es\/index.php\/wp-json\/wp\/v2\/product_cat?post=862"},{"taxonomy":"product_tag","embeddable":true,"href":"https:\/\/maenm.es\/index.php\/wp-json\/wp\/v2\/product_tag?post=862"},{"taxonomy":"giftcard-category","embeddable":true,"href":"https:\/\/maenm.es\/index.php\/wp-json\/wp\/v2\/giftcard-category?post=862"}],"curies":[{"name":"wp","href":"https:\/\/api.w.org\/{rel}","templated":true}]}}