{"id":850,"date":"2024-10-21T18:55:31","date_gmt":"2024-10-21T16:55:31","guid":{"rendered":"https:\/\/maenm.es\/?post_type=product&#038;p=850"},"modified":"2025-11-13T23:40:12","modified_gmt":"2025-11-13T22:40:12","slug":"carta-navidad","status":"publish","type":"product","link":"https:\/\/maenm.es\/index.php\/producto\/carta-navidad\/","title":{"rendered":"Carta Navidad"},"content":{"rendered":"<p>El\u00a0sobre de madera\u00a0est\u00e1 decorado con todos los detalles y adem\u00e1s, puedes colgarlo en el \u00e1rbol de Navidad o tambi\u00e9n en la puerta, en una zona especial de la casa que teng\u00e1is preparada para la decoraci\u00f3n navide\u00f1a de la casa. Seguro que adem\u00e1s, al ser un\u00a0sobre personalizado con su nombre, a los m\u00e1s peques les va a encantar.<\/p>\n","protected":false},"excerpt":{"rendered":"<p>Sobre de madera Pap\u00e1 Noel personalizado. Col\u00f3calo en el \u00e1rbol para que los m\u00e1s peque\u00f1os puedan dejar en \u00e9l sus cartas con la lista de deseos y deja que surja la magia. <\/p>\n","protected":false},"featured_media":840,"comment_status":"closed","ping_status":"closed","template":"","meta":[],"product_brand":[],"product_cat":[209,219,220],"product_tag":[215],"giftcard-category":[],"class_list":{"0":"post-850","1":"product","2":"type-product","3":"status-publish","4":"has-post-thumbnail","6":"product_cat-navidad","7":"product_cat-papa-noel","8":"product_cat-reyes-magos","9":"product_tag-navidad","11":"first","12":"instock","13":"featured","14":"shipping-taxable","15":"purchasable","16":"product-type-simple"},"_links":{"self":[{"href":"https:\/\/maenm.es\/index.php\/wp-json\/wp\/v2\/product\/850","targetHints":{"allow":["GET"]}}],"collection":[{"href":"https:\/\/maenm.es\/index.php\/wp-json\/wp\/v2\/product"}],"about":[{"href":"https:\/\/maenm.es\/index.php\/wp-json\/wp\/v2\/types\/product"}],"replies":[{"embeddable":true,"href":"https:\/\/maenm.es\/index.php\/wp-json\/wp\/v2\/comments?post=850"}],"wp:featuredmedia":[{"embeddable":true,"href":"https:\/\/maenm.es\/index.php\/wp-json\/wp\/v2\/media\/840"}],"wp:attachment":[{"href":"https:\/\/maenm.es\/index.php\/wp-json\/wp\/v2\/media?parent=850"}],"wp:term":[{"taxonomy":"product_brand","embeddable":true,"href":"https:\/\/maenm.es\/index.php\/wp-json\/wp\/v2\/product_brand?post=850"},{"taxonomy":"product_cat","embeddable":true,"href":"https:\/\/maenm.es\/index.php\/wp-json\/wp\/v2\/product_cat?post=850"},{"taxonomy":"product_tag","embeddable":true,"href":"https:\/\/maenm.es\/index.php\/wp-json\/wp\/v2\/product_tag?post=850"},{"taxonomy":"giftcard-category","embeddable":true,"href":"https:\/\/maenm.es\/index.php\/wp-json\/wp\/v2\/giftcard-category?post=850"}],"curies":[{"name":"wp","href":"https:\/\/api.w.org\/{rel}","templated":true}]}}