{"id":85,"date":"2024-03-15T19:56:36","date_gmt":"2024-03-15T18:56:36","guid":{"rendered":"https:\/\/maenm.es\/?post_type=product&#038;p=85"},"modified":"2025-11-07T23:10:29","modified_gmt":"2025-11-07T22:10:29","slug":"collar-corazon-dorado-grabado-con-letra","status":"publish","type":"product","link":"https:\/\/maenm.es\/index.php\/producto\/collar-corazon-dorado-grabado-con-letra\/","title":{"rendered":"Collar Coraz\u00f3n dorado grabado con letra"},"content":{"rendered":"<p>Material: acero inoxidable<br \/>Tama\u00f1o del coraz\u00f3n: 2&#215;2 cm<br \/>Cadena de 45cm (no recomendable para hombre)<\/p>\n","protected":false},"excerpt":{"rendered":"<p><main id=\"MainContent\" class=\"content-for-layout focus-none\" role=\"main\"><\/p>\n<section id=\"shopify-section-template--18935795122512__main\" class=\"shopify-section section\">\n<section id=\"MainProduct-template--18935795122512__main\" class=\"page-width section-template--18935795122512__main-padding\" data-section=\"template--18935795122512__main\">\n<div class=\"product product--large product--left product--stacked product--mobile-hide grid grid--1-col grid--2-col-tablet\">\n<div class=\"product__info-wrapper grid__item\">\n<div class=\"product__description rte quick-add-hidden\">\n<p data-mce-fragment=\"1\">Collar en forma de coraz\u00f3n de acero inoxidable. Est\u00e1 grabado con l\u00e1ser para un dise\u00f1o duradero.<\/p>\n<p data-mce-fragment=\"1\">\u2661\u00a0Env\u00edanos una foto del texto que quieres grabar, y nosotros nos encargamos del resto<\/p>\n<p data-mce-fragment=\"1\">\u2661 Aseg\u00farate de que la foto se vea bien para un mejor resultado<\/p>\n<\/p><\/div>\n<\/div>\n<\/div>\n<\/section>\n<\/section>\n<p><\/main><\/p>\n","protected":false},"featured_media":88,"comment_status":"open","ping_status":"closed","template":"","meta":[],"product_brand":[],"product_cat":[166,174,188,169,173,108,109,199],"product_tag":[33,201,36,47],"giftcard-category":[],"class_list":{"0":"post-85","1":"product","2":"type-product","3":"status-publish","4":"has-post-thumbnail","6":"product_cat-abuela","7":"product_cat-amigo-invisible","8":"product_cat-joyas","9":"product_cat-mama","10":"product_cat-padrinos-y-madrinas","11":"product_cat-para-padres-y-abuelos","12":"product_cat-para-testigos-y-damas-de-honor","13":"product_cat-profesores","14":"product_tag-collar","15":"product_tag-comunion","16":"product_tag-corazon","17":"product_tag-madre","19":"first","20":"instock","21":"featured","22":"shipping-taxable","23":"purchasable","24":"product-type-simple"},"_links":{"self":[{"href":"https:\/\/maenm.es\/index.php\/wp-json\/wp\/v2\/product\/85","targetHints":{"allow":["GET"]}}],"collection":[{"href":"https:\/\/maenm.es\/index.php\/wp-json\/wp\/v2\/product"}],"about":[{"href":"https:\/\/maenm.es\/index.php\/wp-json\/wp\/v2\/types\/product"}],"replies":[{"embeddable":true,"href":"https:\/\/maenm.es\/index.php\/wp-json\/wp\/v2\/comments?post=85"}],"wp:featuredmedia":[{"embeddable":true,"href":"https:\/\/maenm.es\/index.php\/wp-json\/wp\/v2\/media\/88"}],"wp:attachment":[{"href":"https:\/\/maenm.es\/index.php\/wp-json\/wp\/v2\/media?parent=85"}],"wp:term":[{"taxonomy":"product_brand","embeddable":true,"href":"https:\/\/maenm.es\/index.php\/wp-json\/wp\/v2\/product_brand?post=85"},{"taxonomy":"product_cat","embeddable":true,"href":"https:\/\/maenm.es\/index.php\/wp-json\/wp\/v2\/product_cat?post=85"},{"taxonomy":"product_tag","embeddable":true,"href":"https:\/\/maenm.es\/index.php\/wp-json\/wp\/v2\/product_tag?post=85"},{"taxonomy":"giftcard-category","embeddable":true,"href":"https:\/\/maenm.es\/index.php\/wp-json\/wp\/v2\/giftcard-category?post=85"}],"curies":[{"name":"wp","href":"https:\/\/api.w.org\/{rel}","templated":true}]}}