{"id":838,"date":"2024-10-21T15:21:24","date_gmt":"2024-10-21T13:21:24","guid":{"rendered":"https:\/\/maenm.es\/?post_type=product&#038;p=838"},"modified":"2025-11-13T23:19:22","modified_gmt":"2025-11-13T22:19:22","slug":"bandeja-reyes-magos-y-papa-noel","status":"publish","type":"product","link":"https:\/\/maenm.es\/index.php\/producto\/bandeja-reyes-magos-y-papa-noel\/","title":{"rendered":"Bandeja Reyes Magos y Pap\u00e1 Noel"},"content":{"rendered":"<p>Nuestra bandeja mide 36 cm de ancho x 22 cm de alto. Est\u00e1 hecha en contrachapado de pino de 5mm de grosor.<\/p>\n","protected":false},"excerpt":{"rendered":"<p>Repartir los regalos por todo el mundo cansa much\u00edsimo y por eso cada Nochebuena y Noche de Reyes Magos les dejamos una bandeja con unos bocaditos para que repongan fuerzas.<br \/>Nuestras bandejas personalizadas son ideales para que los ni\u00f1os disfruten de la ilusi\u00f3n de esa m\u00e1gica noche.<br \/>Puedes escoger la posibilidad de tener la misma bandeja con ambos modelos por los dos lados.<\/p>\n","protected":false},"featured_media":841,"comment_status":"open","ping_status":"closed","template":"","meta":[],"product_brand":[],"product_cat":[209,219,220],"product_tag":[215],"giftcard-category":[],"class_list":{"0":"post-838","1":"product","2":"type-product","3":"status-publish","4":"has-post-thumbnail","6":"product_cat-navidad","7":"product_cat-papa-noel","8":"product_cat-reyes-magos","9":"product_tag-navidad","11":"first","12":"instock","13":"featured","14":"shipping-taxable","15":"purchasable","16":"product-type-simple"},"_links":{"self":[{"href":"https:\/\/maenm.es\/index.php\/wp-json\/wp\/v2\/product\/838","targetHints":{"allow":["GET"]}}],"collection":[{"href":"https:\/\/maenm.es\/index.php\/wp-json\/wp\/v2\/product"}],"about":[{"href":"https:\/\/maenm.es\/index.php\/wp-json\/wp\/v2\/types\/product"}],"replies":[{"embeddable":true,"href":"https:\/\/maenm.es\/index.php\/wp-json\/wp\/v2\/comments?post=838"}],"wp:featuredmedia":[{"embeddable":true,"href":"https:\/\/maenm.es\/index.php\/wp-json\/wp\/v2\/media\/841"}],"wp:attachment":[{"href":"https:\/\/maenm.es\/index.php\/wp-json\/wp\/v2\/media?parent=838"}],"wp:term":[{"taxonomy":"product_brand","embeddable":true,"href":"https:\/\/maenm.es\/index.php\/wp-json\/wp\/v2\/product_brand?post=838"},{"taxonomy":"product_cat","embeddable":true,"href":"https:\/\/maenm.es\/index.php\/wp-json\/wp\/v2\/product_cat?post=838"},{"taxonomy":"product_tag","embeddable":true,"href":"https:\/\/maenm.es\/index.php\/wp-json\/wp\/v2\/product_tag?post=838"},{"taxonomy":"giftcard-category","embeddable":true,"href":"https:\/\/maenm.es\/index.php\/wp-json\/wp\/v2\/giftcard-category?post=838"}],"curies":[{"name":"wp","href":"https:\/\/api.w.org\/{rel}","templated":true}]}}