{"id":828,"date":"2024-10-09T17:23:48","date_gmt":"2024-10-09T15:23:48","guid":{"rendered":"https:\/\/maenm.es\/?post_type=product&#038;p=828"},"modified":"2024-10-13T00:05:46","modified_gmt":"2024-10-12T22:05:46","slug":"taza-halloween","status":"publish","type":"product","link":"https:\/\/maenm.es\/index.php\/producto\/taza-halloween\/","title":{"rendered":"Taza Halloween"},"content":{"rendered":"<p>Hecha de cer\u00e1mica de alta calidad, es ideal para disfrutar de tus bebidas calientes mientras celebras el esp\u00edritu de Halloween.\u00a0<\/p>\n","protected":false},"excerpt":{"rendered":"<p>Descubre nuestra\u00a0taza personalizada de Halloween, el regalo perfecto para esta temporada. Con dise\u00f1o exclusivo, puedes a\u00f1adir tu nombre para un toque \u00fanico.\u00a0<br \/>\u00a1Personaliza la tuya y sorprende a tus amigos con un detalle espeluznante y original!<\/p>\n","protected":false},"featured_media":829,"comment_status":"open","ping_status":"closed","template":"","meta":[],"product_brand":[],"product_cat":[75],"product_tag":[],"giftcard-category":[],"class_list":{"0":"post-828","1":"product","2":"type-product","3":"status-publish","4":"has-post-thumbnail","6":"product_cat-hogar-regalos","8":"first","9":"instock","10":"shipping-taxable","11":"purchasable","12":"product-type-simple"},"_links":{"self":[{"href":"https:\/\/maenm.es\/index.php\/wp-json\/wp\/v2\/product\/828","targetHints":{"allow":["GET"]}}],"collection":[{"href":"https:\/\/maenm.es\/index.php\/wp-json\/wp\/v2\/product"}],"about":[{"href":"https:\/\/maenm.es\/index.php\/wp-json\/wp\/v2\/types\/product"}],"replies":[{"embeddable":true,"href":"https:\/\/maenm.es\/index.php\/wp-json\/wp\/v2\/comments?post=828"}],"wp:featuredmedia":[{"embeddable":true,"href":"https:\/\/maenm.es\/index.php\/wp-json\/wp\/v2\/media\/829"}],"wp:attachment":[{"href":"https:\/\/maenm.es\/index.php\/wp-json\/wp\/v2\/media?parent=828"}],"wp:term":[{"taxonomy":"product_brand","embeddable":true,"href":"https:\/\/maenm.es\/index.php\/wp-json\/wp\/v2\/product_brand?post=828"},{"taxonomy":"product_cat","embeddable":true,"href":"https:\/\/maenm.es\/index.php\/wp-json\/wp\/v2\/product_cat?post=828"},{"taxonomy":"product_tag","embeddable":true,"href":"https:\/\/maenm.es\/index.php\/wp-json\/wp\/v2\/product_tag?post=828"},{"taxonomy":"giftcard-category","embeddable":true,"href":"https:\/\/maenm.es\/index.php\/wp-json\/wp\/v2\/giftcard-category?post=828"}],"curies":[{"name":"wp","href":"https:\/\/api.w.org\/{rel}","templated":true}]}}