{"id":799,"date":"2024-08-29T23:00:56","date_gmt":"2024-08-29T21:00:56","guid":{"rendered":"https:\/\/maenm.es\/?post_type=product&#038;p=799"},"modified":"2025-01-18T19:34:07","modified_gmt":"2025-01-18T18:34:07","slug":"placas-cumple-mes","status":"publish","type":"product","link":"https:\/\/maenm.es\/index.php\/producto\/placas-cumple-mes\/","title":{"rendered":"Placas cumple mes"},"content":{"rendered":"<p>Placas de madera con las que podr\u00e1s fotografiar de una forma original y diferente la evoluci\u00f3n de tu beb\u00e9 desde que nace hasta que cumple un a\u00f1ito.<\/p>\n","protected":false},"excerpt":{"rendered":"<p>Captura esos momentos inolvidables con nuestras placas personalizadas, cada una dise\u00f1ada con mucho amor y cuidado. Durante el primer a\u00f1o de vida, cada mes es \u00fanico y merece ser celebrado a lo grande; nuestras placas cumple mes te permitir\u00e1n crear recuerdos especiales que durar\u00e1n para siempre.\u00a0<\/p>\n","protected":false},"featured_media":818,"comment_status":"open","ping_status":"closed","template":"","meta":[],"product_brand":[],"product_cat":[72,172,164,111,76,148],"product_tag":[],"giftcard-category":[],"class_list":{"0":"post-799","1":"product","2":"type-product","3":"status-publish","4":"has-post-thumbnail","6":"product_cat-bautizos","7":"product_cat-embarazadas-y-peques","8":"product_cat-nombres-o-palabras-decorativas","9":"product_cat-para-embarazadas-y-bebes","10":"product_cat-peques","11":"product_cat-placas-cumplemeses","13":"first","14":"instock","15":"shipping-taxable","16":"purchasable","17":"product-type-simple"},"_links":{"self":[{"href":"https:\/\/maenm.es\/index.php\/wp-json\/wp\/v2\/product\/799","targetHints":{"allow":["GET"]}}],"collection":[{"href":"https:\/\/maenm.es\/index.php\/wp-json\/wp\/v2\/product"}],"about":[{"href":"https:\/\/maenm.es\/index.php\/wp-json\/wp\/v2\/types\/product"}],"replies":[{"embeddable":true,"href":"https:\/\/maenm.es\/index.php\/wp-json\/wp\/v2\/comments?post=799"}],"wp:featuredmedia":[{"embeddable":true,"href":"https:\/\/maenm.es\/index.php\/wp-json\/wp\/v2\/media\/818"}],"wp:attachment":[{"href":"https:\/\/maenm.es\/index.php\/wp-json\/wp\/v2\/media?parent=799"}],"wp:term":[{"taxonomy":"product_brand","embeddable":true,"href":"https:\/\/maenm.es\/index.php\/wp-json\/wp\/v2\/product_brand?post=799"},{"taxonomy":"product_cat","embeddable":true,"href":"https:\/\/maenm.es\/index.php\/wp-json\/wp\/v2\/product_cat?post=799"},{"taxonomy":"product_tag","embeddable":true,"href":"https:\/\/maenm.es\/index.php\/wp-json\/wp\/v2\/product_tag?post=799"},{"taxonomy":"giftcard-category","embeddable":true,"href":"https:\/\/maenm.es\/index.php\/wp-json\/wp\/v2\/giftcard-category?post=799"}],"curies":[{"name":"wp","href":"https:\/\/api.w.org\/{rel}","templated":true}]}}