{"id":790,"date":"2024-08-29T22:29:15","date_gmt":"2024-08-29T20:29:15","guid":{"rendered":"https:\/\/maenm.es\/?post_type=product&#038;p=790"},"modified":"2025-01-22T21:33:09","modified_gmt":"2025-01-22T20:33:09","slug":"botella-termica-700-ml","status":"publish","type":"product","link":"https:\/\/maenm.es\/index.php\/producto\/botella-termica-700-ml\/","title":{"rendered":"Botella t\u00e9rmica 700 ml"},"content":{"rendered":"<p>Con capacidad de 700 ml, esta botella reutilizable es ideal para mantenerte hidratado\/a mientras est\u00e1s en movimiento. Ll\u00e9vala contigo al gimnasio, al trabajo, a la escuela o en tus salidas y rell\u00e9nala cuando sea necesario. Seguro que te acuerdas de tu propia botella de agua personalizada, lo que la convierte en una alternativa sostenible y m\u00e1s econ\u00f3mica a las botellas de pl\u00e1stico.<\/p>\n","protected":false},"excerpt":{"rendered":"<p>Sorprende a esa persona especial con un regalo \u00fatil y emotivo. Esta botella de acero inoxidable grabada le encantar\u00e1 y adem\u00e1s es s\u00faper pr\u00e1ctica. Agrega su nombre, apodo o un eslogan corto para personalizar la botella.<\/p>\n<p>Con capacidad de 700 ml, esta botella reutilizable es ideal para mantenerte hidratado\/a mientras est\u00e1s en movimiento. Ll\u00e9vala contigo al gimnasio, al trabajo, a la escuela o en tus salidas y rell\u00e9nala cuando sea necesario. Seguro que te acuerdas de tu propia botella de agua personalizada, lo que la convierte en una alternativa sostenible y m\u00e1s econ\u00f3mica a las botellas de pl\u00e1stico.<\/p>\n","protected":false},"featured_media":791,"comment_status":"open","ping_status":"closed","template":"","meta":[],"product_brand":[],"product_cat":[15,163,75],"product_tag":[],"giftcard-category":[],"class_list":{"0":"post-790","1":"product","2":"type-product","3":"status-publish","4":"has-post-thumbnail","6":"product_cat-sin-categorizar","7":"product_cat-botellas-de-agua-por-productos","8":"product_cat-hogar-regalos","10":"first","11":"instock","12":"shipping-taxable","13":"purchasable","14":"product-type-simple"},"_links":{"self":[{"href":"https:\/\/maenm.es\/index.php\/wp-json\/wp\/v2\/product\/790","targetHints":{"allow":["GET"]}}],"collection":[{"href":"https:\/\/maenm.es\/index.php\/wp-json\/wp\/v2\/product"}],"about":[{"href":"https:\/\/maenm.es\/index.php\/wp-json\/wp\/v2\/types\/product"}],"replies":[{"embeddable":true,"href":"https:\/\/maenm.es\/index.php\/wp-json\/wp\/v2\/comments?post=790"}],"wp:featuredmedia":[{"embeddable":true,"href":"https:\/\/maenm.es\/index.php\/wp-json\/wp\/v2\/media\/791"}],"wp:attachment":[{"href":"https:\/\/maenm.es\/index.php\/wp-json\/wp\/v2\/media?parent=790"}],"wp:term":[{"taxonomy":"product_brand","embeddable":true,"href":"https:\/\/maenm.es\/index.php\/wp-json\/wp\/v2\/product_brand?post=790"},{"taxonomy":"product_cat","embeddable":true,"href":"https:\/\/maenm.es\/index.php\/wp-json\/wp\/v2\/product_cat?post=790"},{"taxonomy":"product_tag","embeddable":true,"href":"https:\/\/maenm.es\/index.php\/wp-json\/wp\/v2\/product_tag?post=790"},{"taxonomy":"giftcard-category","embeddable":true,"href":"https:\/\/maenm.es\/index.php\/wp-json\/wp\/v2\/giftcard-category?post=790"}],"curies":[{"name":"wp","href":"https:\/\/api.w.org\/{rel}","templated":true}]}}