{"id":780,"date":"2024-08-29T21:55:51","date_gmt":"2024-08-29T19:55:51","guid":{"rendered":"https:\/\/maenm.es\/?post_type=product&#038;p=780"},"modified":"2025-01-22T21:39:12","modified_gmt":"2025-01-22T20:39:12","slug":"mochila-tela","status":"publish","type":"product","link":"https:\/\/maenm.es\/index.php\/producto\/mochila-tela\/","title":{"rendered":"Mochila tela peque\u00f1a"},"content":{"rendered":"<p>Est\u00e1n fabricadas en material 100% algod\u00f3n reciclado de 120 g\/m2. Incluye unas c\u00f3modas cuerdas autocierre en algod\u00f3n, f\u00e1ciles de usar que permitir\u00e1n que los objetos del interior queden bien protegidos y seguros.<br \/>Medida 27&#215;32 cm<\/p>\n","protected":false},"excerpt":{"rendered":"<p>Esta mochila es perfecta para llevar todo el material al cole, a las actividades extraescolares, o todo lo que necesiten nuestros peques si van a pasar una tarde fuera.<\/p>\n","protected":false},"featured_media":782,"comment_status":"open","ping_status":"closed","template":"","meta":[],"product_brand":[],"product_cat":[72,73,74,142,76],"product_tag":[],"giftcard-category":[],"class_list":{"0":"post-780","1":"product","2":"type-product","3":"status-publish","4":"has-post-thumbnail","6":"product_cat-bautizos","7":"product_cat-comuniones","8":"product_cat-cumpleanos","9":"product_cat-para-el-cole","10":"product_cat-peques","12":"first","13":"instock","14":"shipping-taxable","15":"purchasable","16":"product-type-simple"},"_links":{"self":[{"href":"https:\/\/maenm.es\/index.php\/wp-json\/wp\/v2\/product\/780","targetHints":{"allow":["GET"]}}],"collection":[{"href":"https:\/\/maenm.es\/index.php\/wp-json\/wp\/v2\/product"}],"about":[{"href":"https:\/\/maenm.es\/index.php\/wp-json\/wp\/v2\/types\/product"}],"replies":[{"embeddable":true,"href":"https:\/\/maenm.es\/index.php\/wp-json\/wp\/v2\/comments?post=780"}],"wp:featuredmedia":[{"embeddable":true,"href":"https:\/\/maenm.es\/index.php\/wp-json\/wp\/v2\/media\/782"}],"wp:attachment":[{"href":"https:\/\/maenm.es\/index.php\/wp-json\/wp\/v2\/media?parent=780"}],"wp:term":[{"taxonomy":"product_brand","embeddable":true,"href":"https:\/\/maenm.es\/index.php\/wp-json\/wp\/v2\/product_brand?post=780"},{"taxonomy":"product_cat","embeddable":true,"href":"https:\/\/maenm.es\/index.php\/wp-json\/wp\/v2\/product_cat?post=780"},{"taxonomy":"product_tag","embeddable":true,"href":"https:\/\/maenm.es\/index.php\/wp-json\/wp\/v2\/product_tag?post=780"},{"taxonomy":"giftcard-category","embeddable":true,"href":"https:\/\/maenm.es\/index.php\/wp-json\/wp\/v2\/giftcard-category?post=780"}],"curies":[{"name":"wp","href":"https:\/\/api.w.org\/{rel}","templated":true}]}}