{"id":767,"date":"2024-08-12T23:49:19","date_gmt":"2024-08-12T21:49:19","guid":{"rendered":"https:\/\/maenm.es\/?post_type=product&#038;p=767"},"modified":"2025-02-09T21:59:43","modified_gmt":"2025-02-09T20:59:43","slug":"mochila-infantil-personalizadle","status":"publish","type":"product","link":"https:\/\/maenm.es\/index.php\/producto\/mochila-infantil-personalizadle\/","title":{"rendered":"Mochila infantil personalizable"},"content":{"rendered":"<p>Este a\u00f1o la vuelta al cole no va a poder ser mejor, porque tienes la oportunidad de crear la mejor\u00a0mochila infantil personalizada para ni\u00f1as y ni\u00f1os\u00a0y empezar as\u00ed el curso con una sonrisa de oreja a oreja. Tienen una capacidad de ocho litros aproximadamente y las recomendamos especialmente para peques que empiezan sus primeros a\u00f1os de cole.<br \/>Nuestras\u00a0mochilas para el cole personalizadas\u00a0son de 20% algod\u00f3n y 80% poli\u00e9ster. Adem\u00e1s son muy completas, porque cuentan con diversos bolsillos y apartados para una mejor organizaci\u00f3n:<br \/>Est\u00e1n disponibles en dos colores diferentes: azul o rosa. Y a ello, hay que sumar la personalizaci\u00f3n que t\u00fa quieras, porque aqu\u00ed decides t\u00fa al mil\u00edmetro.\u00a0<\/p>\n","protected":false},"excerpt":{"rendered":"<p>Mochila para ni\u00f1os peque\u00f1os. Dise\u00f1os divertidos, llenos de color y todas las\u00a0mochilas\u00a0con su nombre.<\/p>\n","protected":false},"featured_media":768,"comment_status":"open","ping_status":"closed","template":"","meta":[],"product_brand":[],"product_cat":[142,76],"product_tag":[],"giftcard-category":[],"class_list":{"0":"post-767","1":"product","2":"type-product","3":"status-publish","4":"has-post-thumbnail","6":"product_cat-para-el-cole","7":"product_cat-peques","9":"first","10":"instock","11":"shipping-taxable","12":"purchasable","13":"product-type-simple"},"_links":{"self":[{"href":"https:\/\/maenm.es\/index.php\/wp-json\/wp\/v2\/product\/767","targetHints":{"allow":["GET"]}}],"collection":[{"href":"https:\/\/maenm.es\/index.php\/wp-json\/wp\/v2\/product"}],"about":[{"href":"https:\/\/maenm.es\/index.php\/wp-json\/wp\/v2\/types\/product"}],"replies":[{"embeddable":true,"href":"https:\/\/maenm.es\/index.php\/wp-json\/wp\/v2\/comments?post=767"}],"wp:featuredmedia":[{"embeddable":true,"href":"https:\/\/maenm.es\/index.php\/wp-json\/wp\/v2\/media\/768"}],"wp:attachment":[{"href":"https:\/\/maenm.es\/index.php\/wp-json\/wp\/v2\/media?parent=767"}],"wp:term":[{"taxonomy":"product_brand","embeddable":true,"href":"https:\/\/maenm.es\/index.php\/wp-json\/wp\/v2\/product_brand?post=767"},{"taxonomy":"product_cat","embeddable":true,"href":"https:\/\/maenm.es\/index.php\/wp-json\/wp\/v2\/product_cat?post=767"},{"taxonomy":"product_tag","embeddable":true,"href":"https:\/\/maenm.es\/index.php\/wp-json\/wp\/v2\/product_tag?post=767"},{"taxonomy":"giftcard-category","embeddable":true,"href":"https:\/\/maenm.es\/index.php\/wp-json\/wp\/v2\/giftcard-category?post=767"}],"curies":[{"name":"wp","href":"https:\/\/api.w.org\/{rel}","templated":true}]}}