{"id":756,"date":"2024-08-12T23:16:26","date_gmt":"2024-08-12T21:16:26","guid":{"rendered":"https:\/\/maenm.es\/?post_type=product&#038;p=756"},"modified":"2024-10-09T17:22:49","modified_gmt":"2024-10-09T15:22:49","slug":"colgador-puerta-ratoncito-perez","status":"publish","type":"product","link":"https:\/\/maenm.es\/index.php\/producto\/colgador-puerta-ratoncito-perez\/","title":{"rendered":"Colgador puerta Ratoncito P\u00e9rez"},"content":{"rendered":"<p>Ideal para colgar en la puerta de su habitaci\u00f3n, mesita o cama y dejar su diente a la espera de la visita del ratoncito. Adem\u00e1s el ratoncito le puede dejar ah\u00ed mismo una propina a cambio.\u00a0<br \/>Ahora tienes una original manera de que venga el Ratoncito P\u00e9rez a verle y cambiarle ese diente por un regalo.<br \/>Con nuestro colgador de madera para puertas podr\u00e1s darle la bienvenida a ese roedor tan simp\u00e1tico cuyo trabajo es coleccionar incisivos, muelas y dem\u00e1s.<\/p>\n","protected":false},"excerpt":{"rendered":"<p> Colgador de puerta realizado en madera, con corte y grabado a l\u00e1ser<\/p>\n","protected":false},"featured_media":826,"comment_status":"open","ping_status":"closed","template":"","meta":[],"product_brand":[],"product_cat":[76],"product_tag":[],"giftcard-category":[],"class_list":{"0":"post-756","1":"product","2":"type-product","3":"status-publish","4":"has-post-thumbnail","6":"product_cat-peques","8":"first","9":"instock","10":"shipping-taxable","11":"purchasable","12":"product-type-simple"},"_links":{"self":[{"href":"https:\/\/maenm.es\/index.php\/wp-json\/wp\/v2\/product\/756","targetHints":{"allow":["GET"]}}],"collection":[{"href":"https:\/\/maenm.es\/index.php\/wp-json\/wp\/v2\/product"}],"about":[{"href":"https:\/\/maenm.es\/index.php\/wp-json\/wp\/v2\/types\/product"}],"replies":[{"embeddable":true,"href":"https:\/\/maenm.es\/index.php\/wp-json\/wp\/v2\/comments?post=756"}],"wp:featuredmedia":[{"embeddable":true,"href":"https:\/\/maenm.es\/index.php\/wp-json\/wp\/v2\/media\/826"}],"wp:attachment":[{"href":"https:\/\/maenm.es\/index.php\/wp-json\/wp\/v2\/media?parent=756"}],"wp:term":[{"taxonomy":"product_brand","embeddable":true,"href":"https:\/\/maenm.es\/index.php\/wp-json\/wp\/v2\/product_brand?post=756"},{"taxonomy":"product_cat","embeddable":true,"href":"https:\/\/maenm.es\/index.php\/wp-json\/wp\/v2\/product_cat?post=756"},{"taxonomy":"product_tag","embeddable":true,"href":"https:\/\/maenm.es\/index.php\/wp-json\/wp\/v2\/product_tag?post=756"},{"taxonomy":"giftcard-category","embeddable":true,"href":"https:\/\/maenm.es\/index.php\/wp-json\/wp\/v2\/giftcard-category?post=756"}],"curies":[{"name":"wp","href":"https:\/\/api.w.org\/{rel}","templated":true}]}}