{"id":750,"date":"2024-08-12T20:52:43","date_gmt":"2024-08-12T18:52:43","guid":{"rendered":"https:\/\/maenm.es\/?post_type=product&#038;p=750"},"modified":"2025-02-09T22:02:18","modified_gmt":"2025-02-09T21:02:18","slug":"cartera-personalizada","status":"publish","type":"product","link":"https:\/\/maenm.es\/index.php\/producto\/cartera-personalizada\/","title":{"rendered":"Cartera personalizada"},"content":{"rendered":"<p>El dise\u00f1o cl\u00e1sico hacen que esta cartera sea a\u00fan m\u00e1s elegante. El dise\u00f1o es muy tradicional, el tama\u00f1o es perfecto, los detalles son muy hermosos, realmente tiene la apariencia de una cartera de alta gama.<\/p>\n","protected":false},"excerpt":{"rendered":"<p>Cartera de hombre personalizada, grabada a laser. Regalo \u00fanico y elegante<\/p>\n","protected":false},"featured_media":754,"comment_status":"open","ping_status":"closed","template":"","meta":[],"product_brand":[],"product_cat":[167,174,74,168,171,199],"product_tag":[],"giftcard-category":[],"class_list":{"0":"post-750","1":"product","2":"type-product","3":"status-publish","4":"has-post-thumbnail","6":"product_cat-abuelo","7":"product_cat-amigo-invisible","8":"product_cat-cumpleanos","9":"product_cat-papa","10":"product_cat-pareja","11":"product_cat-profesores","13":"first","14":"instock","15":"shipping-taxable","16":"purchasable","17":"product-type-simple"},"_links":{"self":[{"href":"https:\/\/maenm.es\/index.php\/wp-json\/wp\/v2\/product\/750","targetHints":{"allow":["GET"]}}],"collection":[{"href":"https:\/\/maenm.es\/index.php\/wp-json\/wp\/v2\/product"}],"about":[{"href":"https:\/\/maenm.es\/index.php\/wp-json\/wp\/v2\/types\/product"}],"replies":[{"embeddable":true,"href":"https:\/\/maenm.es\/index.php\/wp-json\/wp\/v2\/comments?post=750"}],"wp:featuredmedia":[{"embeddable":true,"href":"https:\/\/maenm.es\/index.php\/wp-json\/wp\/v2\/media\/754"}],"wp:attachment":[{"href":"https:\/\/maenm.es\/index.php\/wp-json\/wp\/v2\/media?parent=750"}],"wp:term":[{"taxonomy":"product_brand","embeddable":true,"href":"https:\/\/maenm.es\/index.php\/wp-json\/wp\/v2\/product_brand?post=750"},{"taxonomy":"product_cat","embeddable":true,"href":"https:\/\/maenm.es\/index.php\/wp-json\/wp\/v2\/product_cat?post=750"},{"taxonomy":"product_tag","embeddable":true,"href":"https:\/\/maenm.es\/index.php\/wp-json\/wp\/v2\/product_tag?post=750"},{"taxonomy":"giftcard-category","embeddable":true,"href":"https:\/\/maenm.es\/index.php\/wp-json\/wp\/v2\/giftcard-category?post=750"}],"curies":[{"name":"wp","href":"https:\/\/api.w.org\/{rel}","templated":true}]}}