{"id":745,"date":"2024-08-12T20:30:15","date_gmt":"2024-08-12T18:30:15","guid":{"rendered":"https:\/\/maenm.es\/?post_type=product&#038;p=745"},"modified":"2025-02-09T16:21:51","modified_gmt":"2025-02-09T15:21:51","slug":"reloj-de-boda-personalizado","status":"publish","type":"product","link":"https:\/\/maenm.es\/index.php\/producto\/reloj-de-boda-personalizado\/","title":{"rendered":"Reloj de boda personalizado"},"content":{"rendered":"<p>Para ese compa\u00f1ero que se jubila o tus amigos que hacen 50 a\u00f1os de casados, no lo pienses m\u00e1s, es el regalo perfecto. Realizamos en \u00e9l una inscripci\u00f3n que har\u00e1 que no se les olvide el momento jam\u00e1s. Personaliza con una frase, una dedicatoria, m\u00e1ndale tus mejores deseos a esa persona tan especial. La mejor forma de conseguir un reloj personal y \u00fanico.\u00a0<br \/>Este reloj de sobremesa de madera se personaliza mediante grabado l\u00e1ser, un grabado permanente que da un alto valor a tu regalo. Cualquier ocasi\u00f3n es un buen motivo para regalar un detalle como \u00e9ste.<\/p>\n","protected":false},"excerpt":{"rendered":"<p>\u00a1Regala un toque \u00fanico a tu boda con nuestro reloj de madera personalizado! Cada detalle cuenta, y este reloj grabado con l\u00e1ser es perfecto para marcar el tiempo de ese d\u00eda tan especial. Un recuerdo duradero que lleva tu sello personal. \u00a1Haz que cada segundo cuente!<\/p>\n","protected":false},"featured_media":937,"comment_status":"open","ping_status":"closed","template":"","meta":[],"product_brand":[],"product_cat":[71,75,110,171],"product_tag":[],"giftcard-category":[],"class_list":{"0":"post-745","1":"product","2":"type-product","3":"status-publish","4":"has-post-thumbnail","6":"product_cat-bodas","7":"product_cat-hogar-regalos","8":"product_cat-para-futuros-novios","9":"product_cat-pareja","11":"first","12":"instock","13":"shipping-taxable","14":"purchasable","15":"product-type-simple"},"_links":{"self":[{"href":"https:\/\/maenm.es\/index.php\/wp-json\/wp\/v2\/product\/745","targetHints":{"allow":["GET"]}}],"collection":[{"href":"https:\/\/maenm.es\/index.php\/wp-json\/wp\/v2\/product"}],"about":[{"href":"https:\/\/maenm.es\/index.php\/wp-json\/wp\/v2\/types\/product"}],"replies":[{"embeddable":true,"href":"https:\/\/maenm.es\/index.php\/wp-json\/wp\/v2\/comments?post=745"}],"wp:featuredmedia":[{"embeddable":true,"href":"https:\/\/maenm.es\/index.php\/wp-json\/wp\/v2\/media\/937"}],"wp:attachment":[{"href":"https:\/\/maenm.es\/index.php\/wp-json\/wp\/v2\/media?parent=745"}],"wp:term":[{"taxonomy":"product_brand","embeddable":true,"href":"https:\/\/maenm.es\/index.php\/wp-json\/wp\/v2\/product_brand?post=745"},{"taxonomy":"product_cat","embeddable":true,"href":"https:\/\/maenm.es\/index.php\/wp-json\/wp\/v2\/product_cat?post=745"},{"taxonomy":"product_tag","embeddable":true,"href":"https:\/\/maenm.es\/index.php\/wp-json\/wp\/v2\/product_tag?post=745"},{"taxonomy":"giftcard-category","embeddable":true,"href":"https:\/\/maenm.es\/index.php\/wp-json\/wp\/v2\/giftcard-category?post=745"}],"curies":[{"name":"wp","href":"https:\/\/api.w.org\/{rel}","templated":true}]}}