{"id":706,"date":"2024-05-23T21:40:47","date_gmt":"2024-05-23T19:40:47","guid":{"rendered":"https:\/\/maenm.es\/?post_type=product&#038;p=706"},"modified":"2024-05-25T03:26:52","modified_gmt":"2024-05-25T01:26:52","slug":"sonajero-animales-crochet","status":"publish","type":"product","link":"https:\/\/maenm.es\/index.php\/producto\/sonajero-animales-crochet\/","title":{"rendered":"Sonajero animales crochet"},"content":{"rendered":"","protected":false},"excerpt":{"rendered":"<p>Sonajeros de amigurumis hechos con algod\u00f3n 100% ecol\u00f3gico y madera de haya, ideal para la dentici\u00f3n de nuestros peque\u00f1os. Hechos totalmente a mano y con mucho mimo por nuestras crocheteras.<br \/>Adem\u00e1s su suave sonido har\u00e1 que nuestros peque\u00f1os activen el sentido auditivo y lo desarrollen de una manera m\u00e1s r\u00e1pida y eficaz.<\/p>\n","protected":false},"featured_media":707,"comment_status":"open","ping_status":"closed","template":"","meta":[],"product_brand":[],"product_cat":[172,141,111,76],"product_tag":[],"giftcard-category":[],"class_list":{"0":"post-706","1":"product","2":"type-product","3":"status-publish","4":"has-post-thumbnail","6":"product_cat-embarazadas-y-peques","7":"product_cat-natalicios","8":"product_cat-para-embarazadas-y-bebes","9":"product_cat-peques","11":"first","12":"instock","13":"shipping-taxable","14":"purchasable","15":"product-type-simple"},"_links":{"self":[{"href":"https:\/\/maenm.es\/index.php\/wp-json\/wp\/v2\/product\/706","targetHints":{"allow":["GET"]}}],"collection":[{"href":"https:\/\/maenm.es\/index.php\/wp-json\/wp\/v2\/product"}],"about":[{"href":"https:\/\/maenm.es\/index.php\/wp-json\/wp\/v2\/types\/product"}],"replies":[{"embeddable":true,"href":"https:\/\/maenm.es\/index.php\/wp-json\/wp\/v2\/comments?post=706"}],"wp:featuredmedia":[{"embeddable":true,"href":"https:\/\/maenm.es\/index.php\/wp-json\/wp\/v2\/media\/707"}],"wp:attachment":[{"href":"https:\/\/maenm.es\/index.php\/wp-json\/wp\/v2\/media?parent=706"}],"wp:term":[{"taxonomy":"product_brand","embeddable":true,"href":"https:\/\/maenm.es\/index.php\/wp-json\/wp\/v2\/product_brand?post=706"},{"taxonomy":"product_cat","embeddable":true,"href":"https:\/\/maenm.es\/index.php\/wp-json\/wp\/v2\/product_cat?post=706"},{"taxonomy":"product_tag","embeddable":true,"href":"https:\/\/maenm.es\/index.php\/wp-json\/wp\/v2\/product_tag?post=706"},{"taxonomy":"giftcard-category","embeddable":true,"href":"https:\/\/maenm.es\/index.php\/wp-json\/wp\/v2\/giftcard-category?post=706"}],"curies":[{"name":"wp","href":"https:\/\/api.w.org\/{rel}","templated":true}]}}