{"id":701,"date":"2024-05-23T19:39:30","date_gmt":"2024-05-23T17:39:30","guid":{"rendered":"https:\/\/maenm.es\/?post_type=product&#038;p=701"},"modified":"2024-05-23T20:53:48","modified_gmt":"2024-05-23T18:53:48","slug":"peine-y-cepillo-para-bebe","status":"publish","type":"product","link":"https:\/\/maenm.es\/index.php\/producto\/peine-y-cepillo-para-bebe\/","title":{"rendered":"Peine y cepillo para beb\u00e9"},"content":{"rendered":"<p>Cuidan del beb\u00e9 y del planeta. El juego de cepillos y peine est\u00e1n realizados en madera y otros componentes 100% naturales para un cuidado delicado del beb\u00e9 sin tirones.<br \/>Son antiest\u00e1ticos, no quiebran el cabello y adem\u00e1s respetan el medio ambiente.<br \/>Suave cepillo para reci\u00e9n nacidos. El Cepillo de cerdas naturales extra suaves est\u00e1 especialmente pensado para los reci\u00e9n nacidos, ya que no s\u00f3lo peina sino que acaricia su cuero cabelludo proporcionando una agradable sensaci\u00f3n.<br \/>Dimensiones: 20,8 (ancho) x 7,8 (fondo) x 7,8 (alto) cm<\/p>\n","protected":false},"excerpt":{"rendered":"<p>\u00a1Cuida con amor el cabello de tu beb\u00e9! Nuestro peine y cepillo de madera personalizados son perfectos para mimar a tu peque\u00f1o. Su dise\u00f1o suave y natural es ideal para la delicada cabecita de tu beb\u00e9. A\u00f1ade un toque especial a su rutina diaria con este set \u00fanico. \u00a1Haz que cada momento sea extraordinario!<\/p>\n","protected":false},"featured_media":703,"comment_status":"open","ping_status":"closed","template":"","meta":[],"product_brand":[],"product_cat":[172,141,111,76],"product_tag":[203,205],"giftcard-category":[],"class_list":{"0":"post-701","1":"product","2":"type-product","3":"status-publish","4":"has-post-thumbnail","6":"product_cat-embarazadas-y-peques","7":"product_cat-natalicios","8":"product_cat-para-embarazadas-y-bebes","9":"product_cat-peques","10":"product_tag-bebe","11":"product_tag-cepillos","13":"first","14":"instock","15":"shipping-taxable","16":"purchasable","17":"product-type-simple"},"_links":{"self":[{"href":"https:\/\/maenm.es\/index.php\/wp-json\/wp\/v2\/product\/701","targetHints":{"allow":["GET"]}}],"collection":[{"href":"https:\/\/maenm.es\/index.php\/wp-json\/wp\/v2\/product"}],"about":[{"href":"https:\/\/maenm.es\/index.php\/wp-json\/wp\/v2\/types\/product"}],"replies":[{"embeddable":true,"href":"https:\/\/maenm.es\/index.php\/wp-json\/wp\/v2\/comments?post=701"}],"wp:featuredmedia":[{"embeddable":true,"href":"https:\/\/maenm.es\/index.php\/wp-json\/wp\/v2\/media\/703"}],"wp:attachment":[{"href":"https:\/\/maenm.es\/index.php\/wp-json\/wp\/v2\/media?parent=701"}],"wp:term":[{"taxonomy":"product_brand","embeddable":true,"href":"https:\/\/maenm.es\/index.php\/wp-json\/wp\/v2\/product_brand?post=701"},{"taxonomy":"product_cat","embeddable":true,"href":"https:\/\/maenm.es\/index.php\/wp-json\/wp\/v2\/product_cat?post=701"},{"taxonomy":"product_tag","embeddable":true,"href":"https:\/\/maenm.es\/index.php\/wp-json\/wp\/v2\/product_tag?post=701"},{"taxonomy":"giftcard-category","embeddable":true,"href":"https:\/\/maenm.es\/index.php\/wp-json\/wp\/v2\/giftcard-category?post=701"}],"curies":[{"name":"wp","href":"https:\/\/api.w.org\/{rel}","templated":true}]}}