{"id":688,"date":"2024-05-23T18:56:56","date_gmt":"2024-05-23T16:56:56","guid":{"rendered":"https:\/\/maenm.es\/?post_type=product&#038;p=688"},"modified":"2025-02-09T21:12:30","modified_gmt":"2025-02-09T20:12:30","slug":"babero-bandana-personalizado","status":"publish","type":"product","link":"https:\/\/maenm.es\/index.php\/producto\/babero-bandana-personalizado\/","title":{"rendered":"Baberos bandana personalizado"},"content":{"rendered":"<p>Personalizado con el nombre de tu beb\u00e9, este babero a\u00f1adir\u00e1 un toque \u00fanico y especial a su conjunto. Ya sea para un regalo o simplemente para consentir a tu peque\u00f1o\/a, este babero es una opci\u00f3n pr\u00e1ctica y a la vez adorable.<br \/>Con su dise\u00f1o tipo bandana, este babero es c\u00f3modo de usar y f\u00e1cil de ajustar, perfecto para beb\u00e9s y ni\u00f1os peque\u00f1os. Olv\u00eddate de los baberos aburridos y sin estilo, \u00a1y opta por este accesorio funcional y a la moda para tu peque\u00f1o\/a!<br \/>5 unidades<br \/>Material: Tela<br \/>Composici\u00f3n: 100% Algod\u00f3n<br \/>Instrucciones de Cuidado: Lavar a mano, no limpiar en seco<\/p>\n","protected":false},"excerpt":{"rendered":"<p>\u00a1Dale a tu beb\u00e9 un toque \u00fanico con nuestros baberos bandana personalizados! Confeccionados en suave tela, estos baberos no solo son funcionales, sino tambi\u00e9n adorables. Perfectos para mantener a tu peque\u00f1o limpio y a la moda al mismo tiempo. Personal\u00edzalos con el nombre de tu beb\u00e9 y hacerlo a\u00fan m\u00e1s especial. \u00a1No te quedes sin el tuyo!<\/p>\n","protected":false},"featured_media":949,"comment_status":"open","ping_status":"closed","template":"","meta":[],"product_brand":[],"product_cat":[172,141,111,76],"product_tag":[202,203,204],"giftcard-category":[],"class_list":{"0":"post-688","1":"product","2":"type-product","3":"status-publish","4":"has-post-thumbnail","6":"product_cat-embarazadas-y-peques","7":"product_cat-natalicios","8":"product_cat-para-embarazadas-y-bebes","9":"product_cat-peques","10":"product_tag-babero","11":"product_tag-bebe","12":"product_tag-personalizado","14":"first","15":"instock","16":"shipping-taxable","17":"purchasable","18":"product-type-simple"},"_links":{"self":[{"href":"https:\/\/maenm.es\/index.php\/wp-json\/wp\/v2\/product\/688","targetHints":{"allow":["GET"]}}],"collection":[{"href":"https:\/\/maenm.es\/index.php\/wp-json\/wp\/v2\/product"}],"about":[{"href":"https:\/\/maenm.es\/index.php\/wp-json\/wp\/v2\/types\/product"}],"replies":[{"embeddable":true,"href":"https:\/\/maenm.es\/index.php\/wp-json\/wp\/v2\/comments?post=688"}],"wp:featuredmedia":[{"embeddable":true,"href":"https:\/\/maenm.es\/index.php\/wp-json\/wp\/v2\/media\/949"}],"wp:attachment":[{"href":"https:\/\/maenm.es\/index.php\/wp-json\/wp\/v2\/media?parent=688"}],"wp:term":[{"taxonomy":"product_brand","embeddable":true,"href":"https:\/\/maenm.es\/index.php\/wp-json\/wp\/v2\/product_brand?post=688"},{"taxonomy":"product_cat","embeddable":true,"href":"https:\/\/maenm.es\/index.php\/wp-json\/wp\/v2\/product_cat?post=688"},{"taxonomy":"product_tag","embeddable":true,"href":"https:\/\/maenm.es\/index.php\/wp-json\/wp\/v2\/product_tag?post=688"},{"taxonomy":"giftcard-category","embeddable":true,"href":"https:\/\/maenm.es\/index.php\/wp-json\/wp\/v2\/giftcard-category?post=688"}],"curies":[{"name":"wp","href":"https:\/\/api.w.org\/{rel}","templated":true}]}}