{"id":681,"date":"2024-05-23T16:51:18","date_gmt":"2024-05-23T14:51:18","guid":{"rendered":"https:\/\/maenm.es\/?post_type=product&#038;p=681"},"modified":"2024-05-23T19:28:29","modified_gmt":"2024-05-23T17:28:29","slug":"neceser-portatodo-personalizado","status":"publish","type":"product","link":"https:\/\/maenm.es\/index.php\/producto\/neceser-portatodo-personalizado\/","title":{"rendered":"Neceser portatodo personalizado"},"content":{"rendered":"<p>\u00a1Haz que la hora del cambio sea m\u00e1s divertida y organizada con nuestro Neceser personalizado para beb\u00e9! Este adorable neceser de tela es perfecto para guardar los art\u00edculos esenciales de tu peque\u00f1o con estilo. Con la opci\u00f3n de personalizarlo con el nombre de tu beb\u00e9, este neceser no solo es pr\u00e1ctico sino tambi\u00e9n \u00fanico y especial.<\/p>\n<p>Mant\u00e9n todos los productos de higiene de tu beb\u00e9 en un solo lugar y evita el desorden en la pa\u00f1alera con este neceser espacioso y funcional. Su dise\u00f1o compacto lo hace ideal para llevarlo contigo a todas partes, ya sea de paseo o de viaje.<\/p>\n<p>Ya sea como regalo para un baby shower o para consentir a tu propio beb\u00e9, este neceser personalizado es una elecci\u00f3n encantadora y pr\u00e1ctica. <\/p>\n<p>Color: Beige<br \/>Composici\u00f3n: 100% Algod\u00f3n<br \/>Material: Tela<\/p>\n","protected":false},"excerpt":{"rendered":"<p>\u00a1El complemento perfecto para los pap\u00e1s y mam\u00e1s con estilo! Este neceser personalizado de tela para beb\u00e9 es ideal para llevar todos los imprescindibles del peque. Con un dise\u00f1o \u00fanico y pr\u00e1ctico, es el regalo ideal para los m\u00e1s peques de la casa. \u00a1Ordena el tuyo hoy y marca la diferencia!<\/p>\n","protected":false},"featured_media":685,"comment_status":"open","ping_status":"closed","template":"","meta":[],"product_brand":[],"product_cat":[172,141,111,76],"product_tag":[],"giftcard-category":[],"class_list":{"0":"post-681","1":"product","2":"type-product","3":"status-publish","4":"has-post-thumbnail","6":"product_cat-embarazadas-y-peques","7":"product_cat-natalicios","8":"product_cat-para-embarazadas-y-bebes","9":"product_cat-peques","11":"first","12":"instock","13":"shipping-taxable","14":"purchasable","15":"product-type-simple"},"_links":{"self":[{"href":"https:\/\/maenm.es\/index.php\/wp-json\/wp\/v2\/product\/681","targetHints":{"allow":["GET"]}}],"collection":[{"href":"https:\/\/maenm.es\/index.php\/wp-json\/wp\/v2\/product"}],"about":[{"href":"https:\/\/maenm.es\/index.php\/wp-json\/wp\/v2\/types\/product"}],"replies":[{"embeddable":true,"href":"https:\/\/maenm.es\/index.php\/wp-json\/wp\/v2\/comments?post=681"}],"wp:featuredmedia":[{"embeddable":true,"href":"https:\/\/maenm.es\/index.php\/wp-json\/wp\/v2\/media\/685"}],"wp:attachment":[{"href":"https:\/\/maenm.es\/index.php\/wp-json\/wp\/v2\/media?parent=681"}],"wp:term":[{"taxonomy":"product_brand","embeddable":true,"href":"https:\/\/maenm.es\/index.php\/wp-json\/wp\/v2\/product_brand?post=681"},{"taxonomy":"product_cat","embeddable":true,"href":"https:\/\/maenm.es\/index.php\/wp-json\/wp\/v2\/product_cat?post=681"},{"taxonomy":"product_tag","embeddable":true,"href":"https:\/\/maenm.es\/index.php\/wp-json\/wp\/v2\/product_tag?post=681"},{"taxonomy":"giftcard-category","embeddable":true,"href":"https:\/\/maenm.es\/index.php\/wp-json\/wp\/v2\/giftcard-category?post=681"}],"curies":[{"name":"wp","href":"https:\/\/api.w.org\/{rel}","templated":true}]}}