{"id":678,"date":"2024-05-23T16:20:55","date_gmt":"2024-05-23T14:20:55","guid":{"rendered":"https:\/\/maenm.es\/?post_type=product&#038;p=678"},"modified":"2025-11-07T23:09:53","modified_gmt":"2025-11-07T22:09:53","slug":"marco-bebe-nombre","status":"publish","type":"product","link":"https:\/\/maenm.es\/index.php\/producto\/marco-bebe-nombre\/","title":{"rendered":"Marco beb\u00e9 nombre"},"content":{"rendered":"<p>Personalizado con la inicial de tu peque\u00f1o en una tela adorable, este marco agrega un toque personalizado a la decoraci\u00f3n. Cuelga este marco en la pared o col\u00f3calo en una repisa para a\u00f1adir un toque \u00fanico a la habitaci\u00f3n de tu beb\u00e9.<\/p>\n<p>Perfecto como regalo para baby showers o para dar la bienvenida a un reci\u00e9n nacido, este marco de beb\u00e9 con inicial es una forma dulce y significativa de celebrar la llegada de un nuevo miembro a la familia.<\/p>\n<p>Aporta un toque de ternura y personalidad a la habitaci\u00f3n del beb\u00e9 con este encantador marco que se convertir\u00e1 en un tesoro para toda la vida. \u00a1Hazte con \u00e9l hoy y crea recuerdos memorables!<\/p>\n","protected":false},"excerpt":{"rendered":"<p>\u00a1Destaca la habitaci\u00f3n de tu beb\u00e9 con este encantador marco de beb\u00e9 con inicial. Cada pieza est\u00e1 cuidadosamente hecha a mano, combinando la calidez de la madera con la suavidad de la tela.<\/p>\n<p>Elige la inicial, el nombre del beb\u00e9 y el color del marco. Nosotros haremos la magia y tendr\u00e1s un recuerdo para toda la vida.<\/p>\n","protected":false},"featured_media":939,"comment_status":"open","ping_status":"closed","template":"","meta":[],"product_brand":[],"product_cat":[172,149,158,111,140],"product_tag":[],"giftcard-category":[],"class_list":{"0":"post-678","1":"product","2":"type-product","3":"status-publish","4":"has-post-thumbnail","6":"product_cat-embarazadas-y-peques","7":"product_cat-marcos-de-fotos","8":"product_cat-marcos-de-fotos-por-productos","9":"product_cat-para-embarazadas-y-bebes","10":"product_cat-para-su-habitacion","12":"first","13":"instock","14":"featured","15":"shipping-taxable","16":"purchasable","17":"product-type-simple"},"_links":{"self":[{"href":"https:\/\/maenm.es\/index.php\/wp-json\/wp\/v2\/product\/678","targetHints":{"allow":["GET"]}}],"collection":[{"href":"https:\/\/maenm.es\/index.php\/wp-json\/wp\/v2\/product"}],"about":[{"href":"https:\/\/maenm.es\/index.php\/wp-json\/wp\/v2\/types\/product"}],"replies":[{"embeddable":true,"href":"https:\/\/maenm.es\/index.php\/wp-json\/wp\/v2\/comments?post=678"}],"wp:featuredmedia":[{"embeddable":true,"href":"https:\/\/maenm.es\/index.php\/wp-json\/wp\/v2\/media\/939"}],"wp:attachment":[{"href":"https:\/\/maenm.es\/index.php\/wp-json\/wp\/v2\/media?parent=678"}],"wp:term":[{"taxonomy":"product_brand","embeddable":true,"href":"https:\/\/maenm.es\/index.php\/wp-json\/wp\/v2\/product_brand?post=678"},{"taxonomy":"product_cat","embeddable":true,"href":"https:\/\/maenm.es\/index.php\/wp-json\/wp\/v2\/product_cat?post=678"},{"taxonomy":"product_tag","embeddable":true,"href":"https:\/\/maenm.es\/index.php\/wp-json\/wp\/v2\/product_tag?post=678"},{"taxonomy":"giftcard-category","embeddable":true,"href":"https:\/\/maenm.es\/index.php\/wp-json\/wp\/v2\/giftcard-category?post=678"}],"curies":[{"name":"wp","href":"https:\/\/api.w.org\/{rel}","templated":true}]}}