{"id":671,"date":"2024-05-21T10:43:14","date_gmt":"2024-05-21T08:43:14","guid":{"rendered":"https:\/\/maenm.es\/?post_type=product&#038;p=671"},"modified":"2024-05-21T10:46:32","modified_gmt":"2024-05-21T08:46:32","slug":"taza-personalizada-panoramica","status":"publish","type":"product","link":"https:\/\/maenm.es\/index.php\/producto\/taza-personalizada-panoramica\/","title":{"rendered":"Taza personalizada panor\u00e1mica"},"content":{"rendered":"<p>La taza personalizada a color es uno de nuestro producto estrella para regalar. Las tazas son un regalo que nunca falla, por varios motivos:<br \/><strong>Todo el mundo usa tazas.<\/strong> Para desayunar, para tomar un caf\u00e9 o una infusi\u00f3n&#8230; es un b\u00e1sico en cualquier hogar.<strong> <\/strong><strong>Es emocional.<\/strong> Puedes crear una taza con tu frase para recordar un momento especial. En cada desayuno se va a ver la frase y eso es una buena forma de empezar el d\u00eda. O puedes poner una imagen divertida, para comenzar el d\u00eda con una sonrisa.<br \/>Caracter\u00edsticas de la taza personalizada color:<br \/>Medidas: 8\u00f8 x 9,5 cm \/ Tama\u00f1o DISE\u00d1O: 21 x 9 cm<br \/>Taza de cer\u00e1mica. Capacidad: 350 ml.<br \/>Impresi\u00f3n n\u00edtida a todo color.<br \/>Apta para lavavajillas y microondas.<br \/>La Taza de cer\u00e1mica personalizada tiene una capacidad de 350ml. El exterior es blanco para imprimir tu imagen, frase, logo o lo que tu quieras con la t\u00e9cnica de sublimaci\u00f3n.<\/p>\n","protected":false},"excerpt":{"rendered":"<p>Nuestra <strong>taza personalizada<\/strong> m\u00e1s superventas: la taza cer\u00e1mica. Crea tazas personalizadas con un dise\u00f1o que tengamos o que t\u00fa nos mandes.<\/p>\n<div id=\"page-container\" class=\"et-animated-content\">\n<div id=\"et-boc\" class=\"et-boc\">\n<div id=\"et-main-area\">\n<div id=\"main-content\">\n<div class=\"et-l et-l--body\">\n<div class=\"et_builder_inner_content et_pb_gutters3 product\">\n<div class=\"et_pb_section et_pb_section_0_tb_body et_section_regular\">\n<div class=\"et_pb_row et_pb_row_1_tb_body\">\n<div class=\"et_pb_column et_pb_column_1_2 et_pb_column_2_tb_body  et_pb_css_mix_blend_mode_passthrough et-last-child\">\n<div class=\"et_pb_module et_pb_wc_description et_pb_wc_description_0_tb_body et_pb_bg_layout_light  et_pb_text_align_left\">\n<div class=\"et_pb_module_inner\">Tazas originales y de alta calidad. Hazte una divertida y original taza con la foto que m\u00e1s te guste o cualquier dise\u00f1o o frase.<\/p><\/div>\n<p>\t\t\t<\/div>\n<\/div>\n<\/div>\n<\/div>\n<\/div>\n<\/div>\n<\/div>\n<\/div>\n<\/div>\n<\/div>\n","protected":false},"featured_media":258,"comment_status":"open","ping_status":"closed","template":"","meta":[],"product_brand":[],"product_cat":[166,167,174,172,170,169,173,168,111,110,108,109,171,175,199,90],"product_tag":[47,45,52,46],"giftcard-category":[],"class_list":{"0":"post-671","1":"product","2":"type-product","3":"status-publish","4":"has-post-thumbnail","6":"product_cat-abuela","7":"product_cat-abuelo","8":"product_cat-amigo-invisible","9":"product_cat-embarazadas-y-peques","10":"product_cat-familia","11":"product_cat-mama","12":"product_cat-padrinos-y-madrinas","13":"product_cat-papa","14":"product_cat-para-embarazadas-y-bebes","15":"product_cat-para-futuros-novios","16":"product_cat-para-padres-y-abuelos","17":"product_cat-para-testigos-y-damas-de-honor","18":"product_cat-pareja","19":"product_cat-pequenos-artistas-guia-de-regalos","20":"product_cat-profesores","21":"product_cat-tazas","22":"product_tag-madre","23":"product_tag-padre","24":"product_tag-profe","25":"product_tag-taza","27":"first","28":"instock","29":"shipping-taxable","30":"purchasable","31":"product-type-simple"},"_links":{"self":[{"href":"https:\/\/maenm.es\/index.php\/wp-json\/wp\/v2\/product\/671","targetHints":{"allow":["GET"]}}],"collection":[{"href":"https:\/\/maenm.es\/index.php\/wp-json\/wp\/v2\/product"}],"about":[{"href":"https:\/\/maenm.es\/index.php\/wp-json\/wp\/v2\/types\/product"}],"replies":[{"embeddable":true,"href":"https:\/\/maenm.es\/index.php\/wp-json\/wp\/v2\/comments?post=671"}],"wp:featuredmedia":[{"embeddable":true,"href":"https:\/\/maenm.es\/index.php\/wp-json\/wp\/v2\/media\/258"}],"wp:attachment":[{"href":"https:\/\/maenm.es\/index.php\/wp-json\/wp\/v2\/media?parent=671"}],"wp:term":[{"taxonomy":"product_brand","embeddable":true,"href":"https:\/\/maenm.es\/index.php\/wp-json\/wp\/v2\/product_brand?post=671"},{"taxonomy":"product_cat","embeddable":true,"href":"https:\/\/maenm.es\/index.php\/wp-json\/wp\/v2\/product_cat?post=671"},{"taxonomy":"product_tag","embeddable":true,"href":"https:\/\/maenm.es\/index.php\/wp-json\/wp\/v2\/product_tag?post=671"},{"taxonomy":"giftcard-category","embeddable":true,"href":"https:\/\/maenm.es\/index.php\/wp-json\/wp\/v2\/giftcard-category?post=671"}],"curies":[{"name":"wp","href":"https:\/\/api.w.org\/{rel}","templated":true}]}}