{"id":369,"date":"2024-05-07T05:25:09","date_gmt":"2024-05-07T03:25:09","guid":{"rendered":"https:\/\/maenm.es\/?post_type=product&#038;p=369"},"modified":"2024-05-20T20:23:13","modified_gmt":"2024-05-20T18:23:13","slug":"cake-topper-roblox","status":"publish","type":"product","link":"https:\/\/maenm.es\/index.php\/producto\/cake-topper-roblox\/","title":{"rendered":"Cake Topper Roblox"},"content":{"rendered":"<p>Realizado en madera de 3 mm de grosor para una mayor dureza.\u00a0Tiene el fondo de madera y en relieve de carton pluma el nombre, la edad y la foto. Quieres un cake topper completamente personalizado? No dudes en ponerte en contacto con nosotros en info@maenm.es \ud83d\ude09 Ten cuidado a la hora de escribir el texto ya que las may\u00fasculas, min\u00fasculas y los acentos ser\u00e1n respetados como los escribas.<\/p>\n","protected":false},"excerpt":{"rendered":"<p>Topper superdivertido perfecto para cualquier ocasi\u00f3n (cumplea\u00f1os, comuni\u00f3n etc) Adem\u00e1s despu\u00e9s se puede utilizar como decoraci\u00f3n en la habitaci\u00f3n.<\/p>\n","protected":false},"featured_media":370,"comment_status":"open","ping_status":"closed","template":"","meta":[],"product_brand":[],"product_cat":[92,134,139,153,162],"product_tag":[58,59,61,186,62],"giftcard-category":[],"class_list":{"0":"post-369","1":"product","2":"type-product","3":"status-publish","4":"has-post-thumbnail","6":"product_cat-cake-toppers-bautizo","7":"product_cat-cake-toppers-detalles-y-recordatorios-comuniones","8":"product_cat-cake-toppers-para-el-pastel","9":"product_cat-cake-toppers-celebraciones","10":"product_cat-cake-toppers-por-productos","11":"product_tag-bautizo","12":"product_tag-boda","13":"product_tag-cumpleanos","14":"product_tag-roblox","15":"product_tag-tarta","17":"first","18":"instock","19":"shipping-taxable","20":"purchasable","21":"product-type-simple"},"_links":{"self":[{"href":"https:\/\/maenm.es\/index.php\/wp-json\/wp\/v2\/product\/369","targetHints":{"allow":["GET"]}}],"collection":[{"href":"https:\/\/maenm.es\/index.php\/wp-json\/wp\/v2\/product"}],"about":[{"href":"https:\/\/maenm.es\/index.php\/wp-json\/wp\/v2\/types\/product"}],"replies":[{"embeddable":true,"href":"https:\/\/maenm.es\/index.php\/wp-json\/wp\/v2\/comments?post=369"}],"wp:featuredmedia":[{"embeddable":true,"href":"https:\/\/maenm.es\/index.php\/wp-json\/wp\/v2\/media\/370"}],"wp:attachment":[{"href":"https:\/\/maenm.es\/index.php\/wp-json\/wp\/v2\/media?parent=369"}],"wp:term":[{"taxonomy":"product_brand","embeddable":true,"href":"https:\/\/maenm.es\/index.php\/wp-json\/wp\/v2\/product_brand?post=369"},{"taxonomy":"product_cat","embeddable":true,"href":"https:\/\/maenm.es\/index.php\/wp-json\/wp\/v2\/product_cat?post=369"},{"taxonomy":"product_tag","embeddable":true,"href":"https:\/\/maenm.es\/index.php\/wp-json\/wp\/v2\/product_tag?post=369"},{"taxonomy":"giftcard-category","embeddable":true,"href":"https:\/\/maenm.es\/index.php\/wp-json\/wp\/v2\/giftcard-category?post=369"}],"curies":[{"name":"wp","href":"https:\/\/api.w.org\/{rel}","templated":true}]}}