{"id":356,"date":"2024-05-07T04:04:24","date_gmt":"2024-05-07T02:04:24","guid":{"rendered":"https:\/\/maenm.es\/?post_type=product&#038;p=356"},"modified":"2024-05-21T00:03:21","modified_gmt":"2024-05-20T22:03:21","slug":"marco-mama-fotografias","status":"publish","type":"product","link":"https:\/\/maenm.es\/index.php\/producto\/marco-mama-fotografias\/","title":{"rendered":"Marco Nombre Letras"},"content":{"rendered":"<p>Medidas del marco blanco: 25\u00d720 cm<br \/>Letras y fotos totalmente personalizables<br \/>Fotograf\u00edas inclu\u00edda.<br \/>Intenta mandarnos al menos 10 fotos preferiblemente en vertical para unos mejores resultados.<\/p>\n","protected":false},"excerpt":{"rendered":"<p>Nuestros marcos est\u00e1n dise\u00f1ados con la m\u00e1s alta calidad. \u00a1Haz que el d\u00eda de mam\u00e1 sea inolvidable con un regalo que le encantar\u00e1! Ideal para regalar a personas especiales el d\u00eda de tu boda tambi\u00e9n.<\/p>\n","protected":false},"featured_media":358,"comment_status":"open","ping_status":"closed","template":"","meta":[],"product_brand":[],"product_cat":[169,158,108],"product_tag":[59,47],"giftcard-category":[],"class_list":{"0":"post-356","1":"product","2":"type-product","3":"status-publish","4":"has-post-thumbnail","6":"product_cat-mama","7":"product_cat-marcos-de-fotos-por-productos","8":"product_cat-para-padres-y-abuelos","9":"product_tag-boda","10":"product_tag-madre","12":"first","13":"instock","14":"shipping-taxable","15":"purchasable","16":"product-type-simple"},"_links":{"self":[{"href":"https:\/\/maenm.es\/index.php\/wp-json\/wp\/v2\/product\/356","targetHints":{"allow":["GET"]}}],"collection":[{"href":"https:\/\/maenm.es\/index.php\/wp-json\/wp\/v2\/product"}],"about":[{"href":"https:\/\/maenm.es\/index.php\/wp-json\/wp\/v2\/types\/product"}],"replies":[{"embeddable":true,"href":"https:\/\/maenm.es\/index.php\/wp-json\/wp\/v2\/comments?post=356"}],"wp:featuredmedia":[{"embeddable":true,"href":"https:\/\/maenm.es\/index.php\/wp-json\/wp\/v2\/media\/358"}],"wp:attachment":[{"href":"https:\/\/maenm.es\/index.php\/wp-json\/wp\/v2\/media?parent=356"}],"wp:term":[{"taxonomy":"product_brand","embeddable":true,"href":"https:\/\/maenm.es\/index.php\/wp-json\/wp\/v2\/product_brand?post=356"},{"taxonomy":"product_cat","embeddable":true,"href":"https:\/\/maenm.es\/index.php\/wp-json\/wp\/v2\/product_cat?post=356"},{"taxonomy":"product_tag","embeddable":true,"href":"https:\/\/maenm.es\/index.php\/wp-json\/wp\/v2\/product_tag?post=356"},{"taxonomy":"giftcard-category","embeddable":true,"href":"https:\/\/maenm.es\/index.php\/wp-json\/wp\/v2\/giftcard-category?post=356"}],"curies":[{"name":"wp","href":"https:\/\/api.w.org\/{rel}","templated":true}]}}