{"id":351,"date":"2024-05-04T23:38:23","date_gmt":"2024-05-04T21:38:23","guid":{"rendered":"https:\/\/maenm.es\/?post_type=product&#038;p=351"},"modified":"2024-05-20T21:17:52","modified_gmt":"2024-05-20T19:17:52","slug":"marco-con-flores-preservadas","status":"publish","type":"product","link":"https:\/\/maenm.es\/index.php\/producto\/marco-con-flores-preservadas\/","title":{"rendered":"Marco con flores preservadas"},"content":{"rendered":"<p>Medidas del marco : 25\u00d725 cm<br \/>Colores de las flores seg\u00fan disponibilidad.<br \/>Fotograf\u00eda incluida.<\/p>\n","protected":false},"excerpt":{"rendered":"<p>Nuestros marcos est\u00e1n dise\u00f1ados con la m\u00e1s alta calidad y cuidado para preservar la belleza de las flores. \u00a1Haz que el d\u00eda de mam\u00e1 sea inolvidable con un regalo que le encantar\u00e1! Ideal para regalar a personas especiales el d\u00eda de tu boda tambi\u00e9n.<\/p>\n","protected":false},"featured_media":353,"comment_status":"open","ping_status":"closed","template":"","meta":[],"product_brand":[],"product_cat":[169,158,108],"product_tag":[59,187,47],"giftcard-category":[],"class_list":{"0":"post-351","1":"product","2":"type-product","3":"status-publish","4":"has-post-thumbnail","6":"product_cat-mama","7":"product_cat-marcos-de-fotos-por-productos","8":"product_cat-para-padres-y-abuelos","9":"product_tag-boda","10":"product_tag-flores","11":"product_tag-madre","13":"first","14":"instock","15":"shipping-taxable","16":"purchasable","17":"product-type-simple"},"_links":{"self":[{"href":"https:\/\/maenm.es\/index.php\/wp-json\/wp\/v2\/product\/351","targetHints":{"allow":["GET"]}}],"collection":[{"href":"https:\/\/maenm.es\/index.php\/wp-json\/wp\/v2\/product"}],"about":[{"href":"https:\/\/maenm.es\/index.php\/wp-json\/wp\/v2\/types\/product"}],"replies":[{"embeddable":true,"href":"https:\/\/maenm.es\/index.php\/wp-json\/wp\/v2\/comments?post=351"}],"wp:featuredmedia":[{"embeddable":true,"href":"https:\/\/maenm.es\/index.php\/wp-json\/wp\/v2\/media\/353"}],"wp:attachment":[{"href":"https:\/\/maenm.es\/index.php\/wp-json\/wp\/v2\/media?parent=351"}],"wp:term":[{"taxonomy":"product_brand","embeddable":true,"href":"https:\/\/maenm.es\/index.php\/wp-json\/wp\/v2\/product_brand?post=351"},{"taxonomy":"product_cat","embeddable":true,"href":"https:\/\/maenm.es\/index.php\/wp-json\/wp\/v2\/product_cat?post=351"},{"taxonomy":"product_tag","embeddable":true,"href":"https:\/\/maenm.es\/index.php\/wp-json\/wp\/v2\/product_tag?post=351"},{"taxonomy":"giftcard-category","embeddable":true,"href":"https:\/\/maenm.es\/index.php\/wp-json\/wp\/v2\/giftcard-category?post=351"}],"curies":[{"name":"wp","href":"https:\/\/api.w.org\/{rel}","templated":true}]}}