{"id":337,"date":"2024-04-23T12:10:06","date_gmt":"2024-04-23T10:10:06","guid":{"rendered":"https:\/\/maenm.es\/?post_type=product&#038;p=337"},"modified":"2025-05-22T12:11:41","modified_gmt":"2025-05-22T10:11:41","slug":"brazalete-personalizado","status":"publish","type":"product","link":"https:\/\/maenm.es\/index.php\/producto\/brazalete-personalizado\/","title":{"rendered":"Brazalete personalizado"},"content":{"rendered":"<p><strong>Material:<\/strong> Acero inoxidable<br \/><strong>Espesor:<\/strong> 2mm<br \/><strong>Medidas:<\/strong> Ancho 0.6cm x 15.2cm<br \/>El metal tiene una ligera flexibilidad, lo que te permite ponerte y quitarte el brazalete f\u00e1cilmente y ajust\u00e1rtelo bien a la mu\u00f1eca.<\/p>\n<p><\/p>\n","protected":false},"excerpt":{"rendered":"<p>Dile a esa persona lo importante que es en tu vida con este regalo con el que siempre te recordar\u00e1.<br \/>Brazalete de acero inoxidable. Est\u00e1 grabado con l\u00e1ser para un dise\u00f1o duradero. Combina comodidad y elegancia para destacar cualquier look. <\/p>\n","protected":false},"featured_media":346,"comment_status":"open","ping_status":"closed","template":"","meta":[],"product_brand":[],"product_cat":[166,188,169,173,108,109,171],"product_tag":[59,189,50],"giftcard-category":[],"class_list":{"0":"post-337","1":"product","2":"type-product","3":"status-publish","4":"has-post-thumbnail","6":"product_cat-abuela","7":"product_cat-joyas","8":"product_cat-mama","9":"product_cat-padrinos-y-madrinas","10":"product_cat-para-padres-y-abuelos","11":"product_cat-para-testigos-y-damas-de-honor","12":"product_cat-pareja","13":"product_tag-boda","14":"product_tag-pareja","15":"product_tag-pulseras","17":"first","18":"instock","19":"shipping-taxable","20":"purchasable","21":"product-type-simple"},"_links":{"self":[{"href":"https:\/\/maenm.es\/index.php\/wp-json\/wp\/v2\/product\/337","targetHints":{"allow":["GET"]}}],"collection":[{"href":"https:\/\/maenm.es\/index.php\/wp-json\/wp\/v2\/product"}],"about":[{"href":"https:\/\/maenm.es\/index.php\/wp-json\/wp\/v2\/types\/product"}],"replies":[{"embeddable":true,"href":"https:\/\/maenm.es\/index.php\/wp-json\/wp\/v2\/comments?post=337"}],"wp:featuredmedia":[{"embeddable":true,"href":"https:\/\/maenm.es\/index.php\/wp-json\/wp\/v2\/media\/346"}],"wp:attachment":[{"href":"https:\/\/maenm.es\/index.php\/wp-json\/wp\/v2\/media?parent=337"}],"wp:term":[{"taxonomy":"product_brand","embeddable":true,"href":"https:\/\/maenm.es\/index.php\/wp-json\/wp\/v2\/product_brand?post=337"},{"taxonomy":"product_cat","embeddable":true,"href":"https:\/\/maenm.es\/index.php\/wp-json\/wp\/v2\/product_cat?post=337"},{"taxonomy":"product_tag","embeddable":true,"href":"https:\/\/maenm.es\/index.php\/wp-json\/wp\/v2\/product_tag?post=337"},{"taxonomy":"giftcard-category","embeddable":true,"href":"https:\/\/maenm.es\/index.php\/wp-json\/wp\/v2\/giftcard-category?post=337"}],"curies":[{"name":"wp","href":"https:\/\/api.w.org\/{rel}","templated":true}]}}