{"id":333,"date":"2024-04-22T22:13:57","date_gmt":"2024-04-22T20:13:57","guid":{"rendered":"https:\/\/maenm.es\/?post_type=product&#038;p=333"},"modified":"2024-10-09T18:20:54","modified_gmt":"2024-10-09T16:20:54","slug":"perchas-personalizadas","status":"publish","type":"product","link":"https:\/\/maenm.es\/index.php\/producto\/perchas-personalizadas\/","title":{"rendered":"Perchas personalizadas"},"content":{"rendered":"<p>Lo que marca la diferencia y las hace \u00fanicas:<\/p>\n<p>&#8211; Perchas realizadas artesanalmente.<br \/>&#8211; Acabado de m\u00e1xima calidad, barnizado y pulido a mano.<br \/>&#8211; Gancho con rotaci\u00f3n 360\u00b0 para mayor versatilidad.<br \/>&#8211; Rebaje de la madera (muescas) para evitar el deslizamiento de la prenda y permitir colgar cualquier vestido con tirantes.<\/p>\n","protected":false},"excerpt":{"rendered":"<p>Percha personalizada de color blanco o negro con el nombre o palabra que tu elijas grabado y en la parte inferior la fecha de la boda.<br \/>Si buscas un detalle exclusivo o un regalo original para los novios, quieres que el vestido de la novia deslumbre en el reportaje fotogr\u00e1fico de boda, que el novio luzca su traje impecable o como recuerdo del d\u00eda m\u00e1s especial, esta percha de boda, \u00a1te enamorar\u00e1!<\/p>\n","protected":false},"featured_media":836,"comment_status":"open","ping_status":"closed","template":"","meta":[],"product_brand":[],"product_cat":[173,110,109,190],"product_tag":[59,55,65,193,192,194],"giftcard-category":[],"class_list":{"0":"post-333","1":"product","2":"type-product","3":"status-publish","4":"has-post-thumbnail","6":"product_cat-padrinos-y-madrinas","7":"product_cat-para-futuros-novios","8":"product_cat-para-testigos-y-damas-de-honor","9":"product_cat-perchas","10":"product_tag-boda","11":"product_tag-el","12":"product_tag-ella","13":"product_tag-novia","14":"product_tag-novio","15":"product_tag-perchas","17":"first","18":"instock","19":"shipping-taxable","20":"purchasable","21":"product-type-simple"},"_links":{"self":[{"href":"https:\/\/maenm.es\/index.php\/wp-json\/wp\/v2\/product\/333","targetHints":{"allow":["GET"]}}],"collection":[{"href":"https:\/\/maenm.es\/index.php\/wp-json\/wp\/v2\/product"}],"about":[{"href":"https:\/\/maenm.es\/index.php\/wp-json\/wp\/v2\/types\/product"}],"replies":[{"embeddable":true,"href":"https:\/\/maenm.es\/index.php\/wp-json\/wp\/v2\/comments?post=333"}],"wp:featuredmedia":[{"embeddable":true,"href":"https:\/\/maenm.es\/index.php\/wp-json\/wp\/v2\/media\/836"}],"wp:attachment":[{"href":"https:\/\/maenm.es\/index.php\/wp-json\/wp\/v2\/media?parent=333"}],"wp:term":[{"taxonomy":"product_brand","embeddable":true,"href":"https:\/\/maenm.es\/index.php\/wp-json\/wp\/v2\/product_brand?post=333"},{"taxonomy":"product_cat","embeddable":true,"href":"https:\/\/maenm.es\/index.php\/wp-json\/wp\/v2\/product_cat?post=333"},{"taxonomy":"product_tag","embeddable":true,"href":"https:\/\/maenm.es\/index.php\/wp-json\/wp\/v2\/product_tag?post=333"},{"taxonomy":"giftcard-category","embeddable":true,"href":"https:\/\/maenm.es\/index.php\/wp-json\/wp\/v2\/giftcard-category?post=333"}],"curies":[{"name":"wp","href":"https:\/\/api.w.org\/{rel}","templated":true}]}}