{"id":329,"date":"2024-04-22T21:11:12","date_gmt":"2024-04-22T19:11:12","guid":{"rendered":"https:\/\/maenm.es\/?post_type=product&#038;p=329"},"modified":"2025-02-09T21:57:48","modified_gmt":"2025-02-09T20:57:48","slug":"cake-topper-corona-personalizada","status":"publish","type":"product","link":"https:\/\/maenm.es\/index.php\/producto\/cake-topper-corona-personalizada\/","title":{"rendered":"Cake Topper corona personalizada"},"content":{"rendered":"<p>Realizado en madera de 3 mm de grosor para una mayor dureza.\u00a0La corona de flores y el texto \u00bfQuieres un cake topper completamente personalizado? No dudes en ponerte en contacto con nosotros en info@maenm.es \ud83d\ude09 Ten cuidado a la hora de escribir el texto ya que las may\u00fasculas, min\u00fasculas y los acentos ser\u00e1n respetados como los escribas.<br \/>Tama\u00f1o aproximado de la corona 17cm<br \/>Altura aproximada con pie  24cm<\/p>\n","protected":false},"excerpt":{"rendered":"<p>Topper precioso perfecto para cualquier ocasi\u00f3n (cumplea\u00f1os, baby shower, etc) Adem\u00e1s despu\u00e9s se puede utilizar como decoraci\u00f3n en la habitaci\u00f3n. Puedes elegir el color de las flores de la corona entre azul y rosa.<\/p>\n","protected":false},"featured_media":906,"comment_status":"open","ping_status":"closed","template":"","meta":[],"product_brand":[],"product_cat":[92,116,134,162],"product_tag":[58,59,61,62],"giftcard-category":[],"class_list":{"0":"post-329","1":"product","2":"type-product","3":"status-publish","4":"has-post-thumbnail","6":"product_cat-cake-toppers-bautizo","7":"product_cat-cake-toppers-decoracion-boda","8":"product_cat-cake-toppers-detalles-y-recordatorios-comuniones","9":"product_cat-cake-toppers-por-productos","10":"product_tag-bautizo","11":"product_tag-boda","12":"product_tag-cumpleanos","13":"product_tag-tarta","15":"first","16":"instock","17":"shipping-taxable","18":"purchasable","19":"product-type-simple"},"_links":{"self":[{"href":"https:\/\/maenm.es\/index.php\/wp-json\/wp\/v2\/product\/329","targetHints":{"allow":["GET"]}}],"collection":[{"href":"https:\/\/maenm.es\/index.php\/wp-json\/wp\/v2\/product"}],"about":[{"href":"https:\/\/maenm.es\/index.php\/wp-json\/wp\/v2\/types\/product"}],"replies":[{"embeddable":true,"href":"https:\/\/maenm.es\/index.php\/wp-json\/wp\/v2\/comments?post=329"}],"wp:featuredmedia":[{"embeddable":true,"href":"https:\/\/maenm.es\/index.php\/wp-json\/wp\/v2\/media\/906"}],"wp:attachment":[{"href":"https:\/\/maenm.es\/index.php\/wp-json\/wp\/v2\/media?parent=329"}],"wp:term":[{"taxonomy":"product_brand","embeddable":true,"href":"https:\/\/maenm.es\/index.php\/wp-json\/wp\/v2\/product_brand?post=329"},{"taxonomy":"product_cat","embeddable":true,"href":"https:\/\/maenm.es\/index.php\/wp-json\/wp\/v2\/product_cat?post=329"},{"taxonomy":"product_tag","embeddable":true,"href":"https:\/\/maenm.es\/index.php\/wp-json\/wp\/v2\/product_tag?post=329"},{"taxonomy":"giftcard-category","embeddable":true,"href":"https:\/\/maenm.es\/index.php\/wp-json\/wp\/v2\/giftcard-category?post=329"}],"curies":[{"name":"wp","href":"https:\/\/api.w.org\/{rel}","templated":true}]}}