{"id":309,"date":"2024-04-17T13:39:20","date_gmt":"2024-04-17T11:39:20","guid":{"rendered":"https:\/\/maenm.es\/?post_type=product&#038;p=309"},"modified":"2024-05-25T03:31:51","modified_gmt":"2024-05-25T01:31:51","slug":"gemelos-cuadrados-personalizados","status":"publish","type":"product","link":"https:\/\/maenm.es\/index.php\/producto\/gemelos-cuadrados-personalizados\/","title":{"rendered":"Gemelos cuadrados personalizados"},"content":{"rendered":"<p>En Maenm tenemos estos <em>gemelos rectangulares de acero\u00a0que podemos personalizar con lo que quieras<\/em>, puedes poner una frase especial, una dedicatoria, el nombre, la fecha&#8230; lo que m\u00e1s te guste! <br \/>Al pensar el grabado ten en cuenta que la medida del gemelo rectangular es de 2 cm x 1,5 cm, no a\u00f1adas demasiado texto, es preferible\u00a0pocas palabras y que se vea m\u00e1s grande, para que luzca m\u00e1s. Puedes grabar los mismo en ambos gemelos o grabados diferentes para el Gemelo 1 y 2.<br \/>No te preocupes si no sabes c\u00f3mo va a quedar, antes de grabar, te mandamos un boceto de tu grabado para que te hagas una ide de c\u00f3mo queda, y si quieres cambiar algo, tengas oportunidad antes del grabado.<\/p>\n","protected":false},"excerpt":{"rendered":"<p><strong>\u00bfSab\u00edas que los gemelos no son solo un accesorio?<\/strong> Son una declaraci\u00f3n de estilo y personalidad. Nuestros gemelos de acero inoxidable con forma cuadrada son la mezcla perfecta de tradici\u00f3n y toque personal. Imag\u00ednate asistiendo a un evento importante o una reuni\u00f3n de negocios, y en cada apret\u00f3n de manos, tus gemelos hablan por ti \u00bfhay algo que haga m\u00e1s por menos?. La distinci\u00f3n y elegancia, se complementa con la opci\u00f3n de grabar tus iniciales, convirtiendo cada par en una pieza \u00fanica, una obra de arte en tus manos.<\/p>\n","protected":false},"featured_media":310,"comment_status":"open","ping_status":"closed","template":"","meta":[],"product_brand":[],"product_cat":[167,188,173,168,108,109,171],"product_tag":[59,55,56,196,45,195],"giftcard-category":[],"class_list":{"0":"post-309","1":"product","2":"type-product","3":"status-publish","4":"has-post-thumbnail","6":"product_cat-abuelo","7":"product_cat-joyas","8":"product_cat-padrinos-y-madrinas","9":"product_cat-papa","10":"product_cat-para-padres-y-abuelos","11":"product_cat-para-testigos-y-damas-de-honor","12":"product_cat-pareja","13":"product_tag-boda","14":"product_tag-el","15":"product_tag-gemelos","16":"product_tag-joyas","17":"product_tag-padre","18":"product_tag-padrino","20":"first","21":"instock","22":"shipping-taxable","23":"purchasable","24":"product-type-simple"},"_links":{"self":[{"href":"https:\/\/maenm.es\/index.php\/wp-json\/wp\/v2\/product\/309","targetHints":{"allow":["GET"]}}],"collection":[{"href":"https:\/\/maenm.es\/index.php\/wp-json\/wp\/v2\/product"}],"about":[{"href":"https:\/\/maenm.es\/index.php\/wp-json\/wp\/v2\/types\/product"}],"replies":[{"embeddable":true,"href":"https:\/\/maenm.es\/index.php\/wp-json\/wp\/v2\/comments?post=309"}],"wp:featuredmedia":[{"embeddable":true,"href":"https:\/\/maenm.es\/index.php\/wp-json\/wp\/v2\/media\/310"}],"wp:attachment":[{"href":"https:\/\/maenm.es\/index.php\/wp-json\/wp\/v2\/media?parent=309"}],"wp:term":[{"taxonomy":"product_brand","embeddable":true,"href":"https:\/\/maenm.es\/index.php\/wp-json\/wp\/v2\/product_brand?post=309"},{"taxonomy":"product_cat","embeddable":true,"href":"https:\/\/maenm.es\/index.php\/wp-json\/wp\/v2\/product_cat?post=309"},{"taxonomy":"product_tag","embeddable":true,"href":"https:\/\/maenm.es\/index.php\/wp-json\/wp\/v2\/product_tag?post=309"},{"taxonomy":"giftcard-category","embeddable":true,"href":"https:\/\/maenm.es\/index.php\/wp-json\/wp\/v2\/giftcard-category?post=309"}],"curies":[{"name":"wp","href":"https:\/\/api.w.org\/{rel}","templated":true}]}}