{"id":277,"date":"2024-04-15T04:27:16","date_gmt":"2024-04-15T02:27:16","guid":{"rendered":"https:\/\/maenm.es\/?post_type=product&#038;p=277"},"modified":"2024-08-13T20:17:09","modified_gmt":"2024-08-13T18:17:09","slug":"collar-con-inscripcion-personalizada-en-barra-para-hombres","status":"publish","type":"product","link":"https:\/\/maenm.es\/index.php\/producto\/collar-con-inscripcion-personalizada-en-barra-para-hombres\/","title":{"rendered":"Collar con Inscripci\u00f3n Personalizada en Barra para Hombres."},"content":{"rendered":"<p>Fabricado en acero inoxidable.<br \/>Anchura 10 mm<br \/>Alto 40mm<\/p>\n","protected":false},"excerpt":{"rendered":"<p>Este collar est\u00e1 dise\u00f1ado para complementar su aspecto mientras ofrece durabilidad robusta. Lo acompa\u00f1ar\u00e1 dondequiera que vaya mientras hace las veces de recordatorio de sus seres queridos o lo alienta con palabras de inspiraci\u00f3n. En dos versiones plateado o negro<\/p>\n","protected":false},"featured_media":279,"comment_status":"open","ping_status":"closed","template":"","meta":[],"product_brand":[],"product_cat":[174,188,168,109,171],"product_tag":[33,55,45,189],"giftcard-category":[],"class_list":{"0":"post-277","1":"product","2":"type-product","3":"status-publish","4":"has-post-thumbnail","6":"product_cat-amigo-invisible","7":"product_cat-joyas","8":"product_cat-papa","9":"product_cat-para-testigos-y-damas-de-honor","10":"product_cat-pareja","11":"product_tag-collar","12":"product_tag-el","13":"product_tag-padre","14":"product_tag-pareja","16":"first","17":"instock","18":"shipping-taxable","19":"purchasable","20":"product-type-simple"},"_links":{"self":[{"href":"https:\/\/maenm.es\/index.php\/wp-json\/wp\/v2\/product\/277","targetHints":{"allow":["GET"]}}],"collection":[{"href":"https:\/\/maenm.es\/index.php\/wp-json\/wp\/v2\/product"}],"about":[{"href":"https:\/\/maenm.es\/index.php\/wp-json\/wp\/v2\/types\/product"}],"replies":[{"embeddable":true,"href":"https:\/\/maenm.es\/index.php\/wp-json\/wp\/v2\/comments?post=277"}],"wp:featuredmedia":[{"embeddable":true,"href":"https:\/\/maenm.es\/index.php\/wp-json\/wp\/v2\/media\/279"}],"wp:attachment":[{"href":"https:\/\/maenm.es\/index.php\/wp-json\/wp\/v2\/media?parent=277"}],"wp:term":[{"taxonomy":"product_brand","embeddable":true,"href":"https:\/\/maenm.es\/index.php\/wp-json\/wp\/v2\/product_brand?post=277"},{"taxonomy":"product_cat","embeddable":true,"href":"https:\/\/maenm.es\/index.php\/wp-json\/wp\/v2\/product_cat?post=277"},{"taxonomy":"product_tag","embeddable":true,"href":"https:\/\/maenm.es\/index.php\/wp-json\/wp\/v2\/product_tag?post=277"},{"taxonomy":"giftcard-category","embeddable":true,"href":"https:\/\/maenm.es\/index.php\/wp-json\/wp\/v2\/giftcard-category?post=277"}],"curies":[{"name":"wp","href":"https:\/\/api.w.org\/{rel}","templated":true}]}}