{"id":237,"date":"2024-04-12T18:46:20","date_gmt":"2024-04-12T16:46:20","guid":{"rendered":"https:\/\/maenm.es\/?post_type=product&#038;p=237"},"modified":"2025-02-09T21:36:36","modified_gmt":"2025-02-09T20:36:36","slug":"pulsera-corazon-dorada","status":"publish","type":"product","link":"https:\/\/maenm.es\/index.php\/producto\/pulsera-corazon-dorada\/","title":{"rendered":"Pulsera corazon dorada"},"content":{"rendered":"<p>Para parejas: Con esta pulsera, puede expresar su amor y cari\u00f1o por la pareja. Ser\u00e1 una buena opci\u00f3n para mostrar su relaci\u00f3n y amor.<br \/>Esta pulsera es un regalo perfecto para su esposa, novia, madre, hermana, hija, t\u00eda o mejor amiga.<br \/>Acero inoxidable: hecho de acero inoxidable de alta calidad, a prueba de \u00f3xido, resistente a la corrosi\u00f3n y duradero. Es muy adecuado para el uso diario.<\/p>\n","protected":false},"excerpt":{"rendered":"<p>Pulsera sencilla de acero inoxidable para mujer y ni\u00f1o, cadena de eslabones ajustable con coraz\u00f3n redondo y nombre personalizado.<br \/>Sube ti imagen que desees grabar o com\u00e9ntanos tu idea y la plasmaremos en esta preciosa pulsera.<\/p>\n","protected":false},"featured_media":238,"comment_status":"open","ping_status":"closed","template":"","meta":[],"product_brand":[],"product_cat":[166,174,188,169,173,111,108,109,171,175],"product_tag":[36,198,47,189,200],"giftcard-category":[],"class_list":{"0":"post-237","1":"product","2":"type-product","3":"status-publish","4":"has-post-thumbnail","6":"product_cat-abuela","7":"product_cat-amigo-invisible","8":"product_cat-joyas","9":"product_cat-mama","10":"product_cat-padrinos-y-madrinas","11":"product_cat-para-embarazadas-y-bebes","12":"product_cat-para-padres-y-abuelos","13":"product_cat-para-testigos-y-damas-de-honor","14":"product_cat-pareja","15":"product_cat-pequenos-artistas-guia-de-regalos","16":"product_tag-corazon","17":"product_tag-damas","18":"product_tag-madre","19":"product_tag-pareja","20":"product_tag-testigos","22":"first","23":"instock","24":"shipping-taxable","25":"purchasable","26":"product-type-simple"},"_links":{"self":[{"href":"https:\/\/maenm.es\/index.php\/wp-json\/wp\/v2\/product\/237","targetHints":{"allow":["GET"]}}],"collection":[{"href":"https:\/\/maenm.es\/index.php\/wp-json\/wp\/v2\/product"}],"about":[{"href":"https:\/\/maenm.es\/index.php\/wp-json\/wp\/v2\/types\/product"}],"replies":[{"embeddable":true,"href":"https:\/\/maenm.es\/index.php\/wp-json\/wp\/v2\/comments?post=237"}],"wp:featuredmedia":[{"embeddable":true,"href":"https:\/\/maenm.es\/index.php\/wp-json\/wp\/v2\/media\/238"}],"wp:attachment":[{"href":"https:\/\/maenm.es\/index.php\/wp-json\/wp\/v2\/media?parent=237"}],"wp:term":[{"taxonomy":"product_brand","embeddable":true,"href":"https:\/\/maenm.es\/index.php\/wp-json\/wp\/v2\/product_brand?post=237"},{"taxonomy":"product_cat","embeddable":true,"href":"https:\/\/maenm.es\/index.php\/wp-json\/wp\/v2\/product_cat?post=237"},{"taxonomy":"product_tag","embeddable":true,"href":"https:\/\/maenm.es\/index.php\/wp-json\/wp\/v2\/product_tag?post=237"},{"taxonomy":"giftcard-category","embeddable":true,"href":"https:\/\/maenm.es\/index.php\/wp-json\/wp\/v2\/giftcard-category?post=237"}],"curies":[{"name":"wp","href":"https:\/\/api.w.org\/{rel}","templated":true}]}}