{"id":184,"date":"2024-04-02T21:26:50","date_gmt":"2024-04-02T19:26:50","guid":{"rendered":"https:\/\/maenm.es\/?post_type=product&#038;p=184"},"modified":"2025-02-09T21:35:04","modified_gmt":"2025-02-09T20:35:04","slug":"taza-feliz-dia-de-las-madres","status":"publish","type":"product","link":"https:\/\/maenm.es\/index.php\/producto\/taza-feliz-dia-de-las-madres\/","title":{"rendered":"Taza \u00abFeliz d\u00eda de las madres\u00bb"},"content":{"rendered":"<p>Celebra su d\u00eda con la taza \u00abFelicidades mam\u00e1\u00bb. Esta taza blanca sublimada es el regalo perfecto para el d\u00eda de la madre. Personal\u00edzala con una foto especial y haz que cada sorbo sea un recordatorio de tu amor. \u00a1Haz que su d\u00eda sea a\u00fan m\u00e1s especial! \u00a1Felicidades a todas las mam\u00e1s!<br \/>Caracter\u00edsticas de la taza personalizada color:<br \/>Medidas: 8\u00f8 x 9,5 cm \/ Tama\u00f1o DISE\u00d1O: 10,5 x 9 cm<br \/>Taza de cer\u00e1mica. Capacidad: 350 ml.<br \/>Impresi\u00f3n n\u00edtida a todo color.<br \/>Apta para lavavajillas y microondas.<\/p>\n","protected":false},"excerpt":{"rendered":"<p><strong>Taza de cer\u00e1mica blanca<\/strong>\u00a0muy original y de alta calidad, ideal para desayunar todas las ma\u00f1anas con una gran sonrisa.\u00a0<strong>Regalo original para mam\u00e1<\/strong>, quedar\u00e1s muy bien!\u00a0<\/p>\n","protected":false},"featured_media":186,"comment_status":"open","ping_status":"closed","template":"","meta":[],"product_brand":[],"product_cat":[169,155,90],"product_tag":[47,46],"giftcard-category":[],"class_list":{"0":"post-184","1":"product","2":"type-product","3":"status-publish","4":"has-post-thumbnail","6":"product_cat-mama","7":"product_cat-por-productos","8":"product_cat-tazas","9":"product_tag-madre","10":"product_tag-taza","12":"first","13":"instock","14":"shipping-taxable","15":"purchasable","16":"product-type-simple"},"_links":{"self":[{"href":"https:\/\/maenm.es\/index.php\/wp-json\/wp\/v2\/product\/184","targetHints":{"allow":["GET"]}}],"collection":[{"href":"https:\/\/maenm.es\/index.php\/wp-json\/wp\/v2\/product"}],"about":[{"href":"https:\/\/maenm.es\/index.php\/wp-json\/wp\/v2\/types\/product"}],"replies":[{"embeddable":true,"href":"https:\/\/maenm.es\/index.php\/wp-json\/wp\/v2\/comments?post=184"}],"wp:featuredmedia":[{"embeddable":true,"href":"https:\/\/maenm.es\/index.php\/wp-json\/wp\/v2\/media\/186"}],"wp:attachment":[{"href":"https:\/\/maenm.es\/index.php\/wp-json\/wp\/v2\/media?parent=184"}],"wp:term":[{"taxonomy":"product_brand","embeddable":true,"href":"https:\/\/maenm.es\/index.php\/wp-json\/wp\/v2\/product_brand?post=184"},{"taxonomy":"product_cat","embeddable":true,"href":"https:\/\/maenm.es\/index.php\/wp-json\/wp\/v2\/product_cat?post=184"},{"taxonomy":"product_tag","embeddable":true,"href":"https:\/\/maenm.es\/index.php\/wp-json\/wp\/v2\/product_tag?post=184"},{"taxonomy":"giftcard-category","embeddable":true,"href":"https:\/\/maenm.es\/index.php\/wp-json\/wp\/v2\/giftcard-category?post=184"}],"curies":[{"name":"wp","href":"https:\/\/api.w.org\/{rel}","templated":true}]}}