{"id":1546,"date":"2026-05-06T09:58:52","date_gmt":"2026-05-06T07:58:52","guid":{"rendered":"https:\/\/maenm.es\/?post_type=product&#038;p=1546"},"modified":"2026-05-06T11:12:24","modified_gmt":"2026-05-06T09:12:24","slug":"espejo","status":"publish","type":"product","link":"https:\/\/maenm.es\/index.php\/producto\/espejo\/","title":{"rendered":"Espejo"},"content":{"rendered":"","protected":false},"excerpt":{"rendered":"<p><strong>Espejo de madera personalizable<\/strong>, ideal para bodas, comuniones y eventos especiales. Fabricado en madera natural y personalizable con nombres o fechas, es un detalle pr\u00e1ctico, elegante y perfecto como recuerdo para tus invitados. Un accesorio \u00fatil con un toque artesanal que aporta personalidad a cualquier celebraci\u00f3n.<\/p>\n","protected":false},"featured_media":1548,"comment_status":"open","ping_status":"closed","template":"","meta":[],"product_brand":[],"product_cat":[72,71,73,98,77,86,102],"product_tag":[],"giftcard-category":[],"class_list":{"0":"post-1546","1":"product","2":"type-product","3":"status-publish","4":"has-post-thumbnail","6":"product_cat-bautizos","7":"product_cat-bodas","8":"product_cat-comuniones","9":"product_cat-detalles-para-invitados","10":"product_cat-detalles-y-recordatorios","11":"product_cat-marcasitios","12":"product_cat-marcasitios-detalles-para-invitados","14":"first","15":"instock","16":"shipping-taxable","17":"purchasable","18":"product-type-simple"},"tiered_pricing_type":"fixed","tiered_pricing_fixed_rules":{"20":4.5,"50":4,"100":3.8,"150":3.5},"tiered_pricing_product_settings":{"layout":"default","base_unit_name":{"singular":null,"plural":null},"default_variation":null},"tiered_pricing_minimum_quantity":null,"tiered_pricing_roles_data":[],"tiered_pricing_percentage_rules":[],"_links":{"self":[{"href":"https:\/\/maenm.es\/index.php\/wp-json\/wp\/v2\/product\/1546","targetHints":{"allow":["GET"]}}],"collection":[{"href":"https:\/\/maenm.es\/index.php\/wp-json\/wp\/v2\/product"}],"about":[{"href":"https:\/\/maenm.es\/index.php\/wp-json\/wp\/v2\/types\/product"}],"replies":[{"embeddable":true,"href":"https:\/\/maenm.es\/index.php\/wp-json\/wp\/v2\/comments?post=1546"}],"wp:featuredmedia":[{"embeddable":true,"href":"https:\/\/maenm.es\/index.php\/wp-json\/wp\/v2\/media\/1548"}],"wp:attachment":[{"href":"https:\/\/maenm.es\/index.php\/wp-json\/wp\/v2\/media?parent=1546"}],"wp:term":[{"taxonomy":"product_brand","embeddable":true,"href":"https:\/\/maenm.es\/index.php\/wp-json\/wp\/v2\/product_brand?post=1546"},{"taxonomy":"product_cat","embeddable":true,"href":"https:\/\/maenm.es\/index.php\/wp-json\/wp\/v2\/product_cat?post=1546"},{"taxonomy":"product_tag","embeddable":true,"href":"https:\/\/maenm.es\/index.php\/wp-json\/wp\/v2\/product_tag?post=1546"},{"taxonomy":"giftcard-category","embeddable":true,"href":"https:\/\/maenm.es\/index.php\/wp-json\/wp\/v2\/giftcard-category?post=1546"}],"curies":[{"name":"wp","href":"https:\/\/api.w.org\/{rel}","templated":true}]}}