{"id":1543,"date":"2026-05-06T09:44:05","date_gmt":"2026-05-06T07:44:05","guid":{"rendered":"https:\/\/maenm.es\/?post_type=product&#038;p=1543"},"modified":"2026-05-06T11:13:24","modified_gmt":"2026-05-06T09:13:24","slug":"yoyo","status":"publish","type":"product","link":"https:\/\/maenm.es\/index.php\/producto\/yoyo\/","title":{"rendered":"Yoyo"},"content":{"rendered":"","protected":false},"excerpt":{"rendered":"<p><strong>Yoyo de madera personalizable<\/strong>, ideal para bodas, comuniones y eventos especiales. Fabricado en madera natural y personalizable con nombres o fechas, es un detalle original, divertido y perfecto como recuerdo para tus invitados. Un cl\u00e1sico que combina nostalgia, dise\u00f1o artesanal y un toque \u00fanico en cada pieza.<\/p>\n","protected":false},"featured_media":1545,"comment_status":"open","ping_status":"closed","template":"","meta":[],"product_brand":[],"product_cat":[72,71,73,74,98,136,121,86,102,128],"product_tag":[],"giftcard-category":[],"class_list":{"0":"post-1543","1":"product","2":"type-product","3":"status-publish","4":"has-post-thumbnail","6":"product_cat-bautizos","7":"product_cat-bodas","8":"product_cat-comuniones","9":"product_cat-cumpleanos","10":"product_cat-detalles-para-invitados","11":"product_cat-detalles-y-recordatorios-cumpleanos","12":"product_cat-detalles-y-recordatorios-comuniones","13":"product_cat-marcasitios","14":"product_cat-marcasitios-detalles-para-invitados","15":"product_cat-marcasitios-detalles-y-recordatorios-comuniones","17":"first","18":"instock","19":"shipping-taxable","20":"purchasable","21":"product-type-simple"},"tiered_pricing_type":"fixed","tiered_pricing_fixed_rules":{"20":2.8,"100":2.3},"tiered_pricing_product_settings":{"layout":"default","base_unit_name":{"singular":null,"plural":null},"default_variation":null},"tiered_pricing_minimum_quantity":null,"tiered_pricing_roles_data":[],"tiered_pricing_percentage_rules":[],"_links":{"self":[{"href":"https:\/\/maenm.es\/index.php\/wp-json\/wp\/v2\/product\/1543","targetHints":{"allow":["GET"]}}],"collection":[{"href":"https:\/\/maenm.es\/index.php\/wp-json\/wp\/v2\/product"}],"about":[{"href":"https:\/\/maenm.es\/index.php\/wp-json\/wp\/v2\/types\/product"}],"replies":[{"embeddable":true,"href":"https:\/\/maenm.es\/index.php\/wp-json\/wp\/v2\/comments?post=1543"}],"wp:featuredmedia":[{"embeddable":true,"href":"https:\/\/maenm.es\/index.php\/wp-json\/wp\/v2\/media\/1545"}],"wp:attachment":[{"href":"https:\/\/maenm.es\/index.php\/wp-json\/wp\/v2\/media?parent=1543"}],"wp:term":[{"taxonomy":"product_brand","embeddable":true,"href":"https:\/\/maenm.es\/index.php\/wp-json\/wp\/v2\/product_brand?post=1543"},{"taxonomy":"product_cat","embeddable":true,"href":"https:\/\/maenm.es\/index.php\/wp-json\/wp\/v2\/product_cat?post=1543"},{"taxonomy":"product_tag","embeddable":true,"href":"https:\/\/maenm.es\/index.php\/wp-json\/wp\/v2\/product_tag?post=1543"},{"taxonomy":"giftcard-category","embeddable":true,"href":"https:\/\/maenm.es\/index.php\/wp-json\/wp\/v2\/giftcard-category?post=1543"}],"curies":[{"name":"wp","href":"https:\/\/api.w.org\/{rel}","templated":true}]}}