{"id":1526,"date":"2026-05-05T14:29:07","date_gmt":"2026-05-05T12:29:07","guid":{"rendered":"https:\/\/maenm.es\/?post_type=product&#038;p=1526"},"modified":"2026-05-05T14:43:15","modified_gmt":"2026-05-05T12:43:15","slug":"llave-disney","status":"publish","type":"product","link":"https:\/\/maenm.es\/index.php\/producto\/llave-disney\/","title":{"rendered":"Llave Disney"},"content":{"rendered":"<p>Hecha en PLA. <br \/>Caja incluida.<\/p>\n","protected":false},"excerpt":{"rendered":"<p>La Llave M\u00e1gica es un detalle \u00fanico y emocionante para revelar la sorpresa m\u00e1s especial: \u00a1un viaje a Disney! Dise\u00f1ada para crear un momento inolvidable, esta llave simboliza la puerta a un mundo de fantas\u00eda, aventuras y magia.<br \/>Perfecta para entregar a ni\u00f1os, parejas o familias, incluye un mensaje encantador que desvela la noticia de forma original y emocionante. Es el complemento ideal para convertir el anuncio del viaje en un recuerdo que guardar\u00e1n para siempre.<\/p>\n","protected":false},"featured_media":1527,"comment_status":"open","ping_status":"closed","template":"","meta":[],"product_brand":[],"product_cat":[73],"product_tag":[],"giftcard-category":[],"class_list":{"0":"post-1526","1":"product","2":"type-product","3":"status-publish","4":"has-post-thumbnail","6":"product_cat-comuniones","8":"first","9":"instock","10":"shipping-taxable","11":"purchasable","12":"product-type-simple"},"tiered_pricing_type":"fixed","tiered_pricing_fixed_rules":[],"tiered_pricing_product_settings":{"layout":"default","base_unit_name":{"singular":null,"plural":null},"default_variation":null},"tiered_pricing_minimum_quantity":null,"tiered_pricing_roles_data":[],"tiered_pricing_percentage_rules":[],"_links":{"self":[{"href":"https:\/\/maenm.es\/index.php\/wp-json\/wp\/v2\/product\/1526","targetHints":{"allow":["GET"]}}],"collection":[{"href":"https:\/\/maenm.es\/index.php\/wp-json\/wp\/v2\/product"}],"about":[{"href":"https:\/\/maenm.es\/index.php\/wp-json\/wp\/v2\/types\/product"}],"replies":[{"embeddable":true,"href":"https:\/\/maenm.es\/index.php\/wp-json\/wp\/v2\/comments?post=1526"}],"wp:featuredmedia":[{"embeddable":true,"href":"https:\/\/maenm.es\/index.php\/wp-json\/wp\/v2\/media\/1527"}],"wp:attachment":[{"href":"https:\/\/maenm.es\/index.php\/wp-json\/wp\/v2\/media?parent=1526"}],"wp:term":[{"taxonomy":"product_brand","embeddable":true,"href":"https:\/\/maenm.es\/index.php\/wp-json\/wp\/v2\/product_brand?post=1526"},{"taxonomy":"product_cat","embeddable":true,"href":"https:\/\/maenm.es\/index.php\/wp-json\/wp\/v2\/product_cat?post=1526"},{"taxonomy":"product_tag","embeddable":true,"href":"https:\/\/maenm.es\/index.php\/wp-json\/wp\/v2\/product_tag?post=1526"},{"taxonomy":"giftcard-category","embeddable":true,"href":"https:\/\/maenm.es\/index.php\/wp-json\/wp\/v2\/giftcard-category?post=1526"}],"curies":[{"name":"wp","href":"https:\/\/api.w.org\/{rel}","templated":true}]}}