{"id":1483,"date":"2026-04-21T14:39:31","date_gmt":"2026-04-21T12:39:31","guid":{"rendered":"https:\/\/maenm.es\/?post_type=product&#038;p=1483"},"modified":"2026-04-21T15:17:47","modified_gmt":"2026-04-21T13:17:47","slug":"anillo-sois-los-siguientes","status":"publish","type":"product","link":"https:\/\/maenm.es\/index.php\/producto\/anillo-sois-los-siguientes\/","title":{"rendered":"Anillo Sois los siguientes"},"content":{"rendered":"","protected":false},"excerpt":{"rendered":"<p>Un detalle original y lleno de simbolismo para tu boda. Este\u00a0adorno de madera en forma de anillo\u00a0incluye el\u00a0nombre de los futuros novios\u00a0y la inscripci\u00f3n\u00a0\u201cSois los siguientes\u201d, creando un recuerdo divertido y emotivo para regalar a la pareja que, seg\u00fan la tradici\u00f3n, ser\u00e1 la pr\u00f3xima en casarse. Ideal para entregar durante la celebraci\u00f3n y a\u00f1adir un toque especial que todos recordar\u00e1n con cari\u00f1o.<\/p>\n","protected":false},"featured_media":1485,"comment_status":"open","ping_status":"closed","template":"","meta":[],"product_brand":[],"product_cat":[71],"product_tag":[],"giftcard-category":[],"class_list":{"0":"post-1483","1":"product","2":"type-product","3":"status-publish","4":"has-post-thumbnail","6":"product_cat-bodas","8":"first","9":"instock","10":"shipping-taxable","11":"purchasable","12":"product-type-simple"},"tiered_pricing_type":"fixed","tiered_pricing_fixed_rules":[],"tiered_pricing_product_settings":{"layout":"default","base_unit_name":{"singular":null,"plural":null},"default_variation":null},"tiered_pricing_minimum_quantity":null,"tiered_pricing_roles_data":[],"tiered_pricing_percentage_rules":[],"_links":{"self":[{"href":"https:\/\/maenm.es\/index.php\/wp-json\/wp\/v2\/product\/1483","targetHints":{"allow":["GET"]}}],"collection":[{"href":"https:\/\/maenm.es\/index.php\/wp-json\/wp\/v2\/product"}],"about":[{"href":"https:\/\/maenm.es\/index.php\/wp-json\/wp\/v2\/types\/product"}],"replies":[{"embeddable":true,"href":"https:\/\/maenm.es\/index.php\/wp-json\/wp\/v2\/comments?post=1483"}],"wp:featuredmedia":[{"embeddable":true,"href":"https:\/\/maenm.es\/index.php\/wp-json\/wp\/v2\/media\/1485"}],"wp:attachment":[{"href":"https:\/\/maenm.es\/index.php\/wp-json\/wp\/v2\/media?parent=1483"}],"wp:term":[{"taxonomy":"product_brand","embeddable":true,"href":"https:\/\/maenm.es\/index.php\/wp-json\/wp\/v2\/product_brand?post=1483"},{"taxonomy":"product_cat","embeddable":true,"href":"https:\/\/maenm.es\/index.php\/wp-json\/wp\/v2\/product_cat?post=1483"},{"taxonomy":"product_tag","embeddable":true,"href":"https:\/\/maenm.es\/index.php\/wp-json\/wp\/v2\/product_tag?post=1483"},{"taxonomy":"giftcard-category","embeddable":true,"href":"https:\/\/maenm.es\/index.php\/wp-json\/wp\/v2\/giftcard-category?post=1483"}],"curies":[{"name":"wp","href":"https:\/\/api.w.org\/{rel}","templated":true}]}}