{"id":1477,"date":"2026-04-21T14:02:20","date_gmt":"2026-04-21T12:02:20","guid":{"rendered":"https:\/\/maenm.es\/?post_type=product&#038;p=1477"},"modified":"2026-04-21T15:28:16","modified_gmt":"2026-04-21T13:28:16","slug":"sello-lacre","status":"publish","type":"product","link":"https:\/\/maenm.es\/index.php\/producto\/sello-lacre\/","title":{"rendered":"Sello lacre"},"content":{"rendered":"<p>Di\u00e1metro 3cm<\/p>\n","protected":false},"excerpt":{"rendered":"<p>Un toque cl\u00e1sico que transforma cualquier invitaci\u00f3n en algo realmente especial. Este\u00a0sello de lacre para invitaciones de boda\u00a0aporta elegancia, personalidad y un aire artesanal a tus sobres y detalles. Perfecto para parejas que buscan una presentaci\u00f3n cuidada y con encanto, ideal para sellar invitaciones, tarjetas de agradecimiento o cualquier elemento de papeler\u00eda nupcial. Un acabado \u00fanico que har\u00e1 que tus invitados se enamoren desde el primer vistazo.<\/p>\n","protected":false},"featured_media":1478,"comment_status":"open","ping_status":"closed","template":"","meta":[],"product_brand":[],"product_cat":[71,93,117,180],"product_tag":[],"giftcard-category":[],"class_list":{"0":"post-1477","1":"product","2":"type-product","3":"status-publish","4":"has-post-thumbnail","6":"product_cat-bodas","7":"product_cat-invitaciones-de-boda","8":"product_cat-papeleria-boda","9":"product_cat-sellos-de-lacre","11":"first","12":"instock","13":"shipping-taxable","14":"purchasable","15":"product-type-simple"},"tiered_pricing_type":"fixed","tiered_pricing_fixed_rules":[],"tiered_pricing_product_settings":{"layout":"default","base_unit_name":{"singular":null,"plural":null},"default_variation":null},"tiered_pricing_minimum_quantity":null,"tiered_pricing_roles_data":[],"tiered_pricing_percentage_rules":[],"_links":{"self":[{"href":"https:\/\/maenm.es\/index.php\/wp-json\/wp\/v2\/product\/1477","targetHints":{"allow":["GET"]}}],"collection":[{"href":"https:\/\/maenm.es\/index.php\/wp-json\/wp\/v2\/product"}],"about":[{"href":"https:\/\/maenm.es\/index.php\/wp-json\/wp\/v2\/types\/product"}],"replies":[{"embeddable":true,"href":"https:\/\/maenm.es\/index.php\/wp-json\/wp\/v2\/comments?post=1477"}],"wp:featuredmedia":[{"embeddable":true,"href":"https:\/\/maenm.es\/index.php\/wp-json\/wp\/v2\/media\/1478"}],"wp:attachment":[{"href":"https:\/\/maenm.es\/index.php\/wp-json\/wp\/v2\/media?parent=1477"}],"wp:term":[{"taxonomy":"product_brand","embeddable":true,"href":"https:\/\/maenm.es\/index.php\/wp-json\/wp\/v2\/product_brand?post=1477"},{"taxonomy":"product_cat","embeddable":true,"href":"https:\/\/maenm.es\/index.php\/wp-json\/wp\/v2\/product_cat?post=1477"},{"taxonomy":"product_tag","embeddable":true,"href":"https:\/\/maenm.es\/index.php\/wp-json\/wp\/v2\/product_tag?post=1477"},{"taxonomy":"giftcard-category","embeddable":true,"href":"https:\/\/maenm.es\/index.php\/wp-json\/wp\/v2\/giftcard-category?post=1477"}],"curies":[{"name":"wp","href":"https:\/\/api.w.org\/{rel}","templated":true}]}}