{"id":1469,"date":"2026-04-21T12:51:17","date_gmt":"2026-04-21T10:51:17","guid":{"rendered":"https:\/\/maenm.es\/?post_type=product&#038;p=1469"},"modified":"2026-04-21T12:55:59","modified_gmt":"2026-04-21T10:55:59","slug":"marco-mama-flores","status":"publish","type":"product","link":"https:\/\/maenm.es\/index.php\/producto\/marco-mama-flores\/","title":{"rendered":"Marco mam\u00e1 flores"},"content":{"rendered":"","protected":false},"excerpt":{"rendered":"<p>Un detalle delicado y lleno de sentimiento. Este\u00a0marco de fotos decorado con preciosas flores blancas\u00a0aporta un toque elegante y luminoso a cualquier espacio. Incluye la frase\u00a0\u201cTe quiero mam\u00e1\u201d, convirti\u00e9ndolo en un regalo perfecto para expresar cari\u00f1o y crear un recuerdo que perdure. Ideal para acompa\u00f1ar una foto especial y sorprender a mam\u00e1 con algo hecho desde el coraz\u00f3n.<\/p>\n","protected":false},"featured_media":1470,"comment_status":"open","ping_status":"closed","template":"","meta":[],"product_brand":[],"product_cat":[169],"product_tag":[],"giftcard-category":[],"class_list":{"0":"post-1469","1":"product","2":"type-product","3":"status-publish","4":"has-post-thumbnail","6":"product_cat-mama","8":"first","9":"instock","10":"shipping-taxable","11":"purchasable","12":"product-type-simple"},"_links":{"self":[{"href":"https:\/\/maenm.es\/index.php\/wp-json\/wp\/v2\/product\/1469","targetHints":{"allow":["GET"]}}],"collection":[{"href":"https:\/\/maenm.es\/index.php\/wp-json\/wp\/v2\/product"}],"about":[{"href":"https:\/\/maenm.es\/index.php\/wp-json\/wp\/v2\/types\/product"}],"replies":[{"embeddable":true,"href":"https:\/\/maenm.es\/index.php\/wp-json\/wp\/v2\/comments?post=1469"}],"wp:featuredmedia":[{"embeddable":true,"href":"https:\/\/maenm.es\/index.php\/wp-json\/wp\/v2\/media\/1470"}],"wp:attachment":[{"href":"https:\/\/maenm.es\/index.php\/wp-json\/wp\/v2\/media?parent=1469"}],"wp:term":[{"taxonomy":"product_brand","embeddable":true,"href":"https:\/\/maenm.es\/index.php\/wp-json\/wp\/v2\/product_brand?post=1469"},{"taxonomy":"product_cat","embeddable":true,"href":"https:\/\/maenm.es\/index.php\/wp-json\/wp\/v2\/product_cat?post=1469"},{"taxonomy":"product_tag","embeddable":true,"href":"https:\/\/maenm.es\/index.php\/wp-json\/wp\/v2\/product_tag?post=1469"},{"taxonomy":"giftcard-category","embeddable":true,"href":"https:\/\/maenm.es\/index.php\/wp-json\/wp\/v2\/giftcard-category?post=1469"}],"curies":[{"name":"wp","href":"https:\/\/api.w.org\/{rel}","templated":true}]}}