{"id":1463,"date":"2026-04-20T23:06:25","date_gmt":"2026-04-20T21:06:25","guid":{"rendered":"https:\/\/maenm.es\/?post_type=product&#038;p=1463"},"modified":"2026-04-21T12:57:08","modified_gmt":"2026-04-21T10:57:08","slug":"colgante-giratorio-mama","status":"publish","type":"product","link":"https:\/\/maenm.es\/index.php\/producto\/colgante-giratorio-mama\/","title":{"rendered":"Colgante giratorio mam\u00e1"},"content":{"rendered":"","protected":false},"excerpt":{"rendered":"<p>Un regalo lleno de emoci\u00f3n y movimiento. Este\u00a0colgante giratorio\u00a0presenta la\u00a0imagen de una mam\u00e1 y su hija, que puede adaptarse para representar cualquier v\u00ednculo familiar. Al girarlo, revela en la parte posterior una\u00a0frase bonita y personalizada, convirti\u00e9ndolo en una joya \u00fanica que acompa\u00f1a cada d\u00eda. Un detalle perfecto para celebrar el amor, la conexi\u00f3n y los momentos que permanecen para siempre<\/p>\n","protected":false},"featured_media":1464,"comment_status":"open","ping_status":"closed","template":"","meta":[],"product_brand":[],"product_cat":[169],"product_tag":[],"giftcard-category":[],"class_list":{"0":"post-1463","1":"product","2":"type-product","3":"status-publish","4":"has-post-thumbnail","6":"product_cat-mama","8":"first","9":"instock","10":"shipping-taxable","11":"purchasable","12":"product-type-simple"},"_links":{"self":[{"href":"https:\/\/maenm.es\/index.php\/wp-json\/wp\/v2\/product\/1463","targetHints":{"allow":["GET"]}}],"collection":[{"href":"https:\/\/maenm.es\/index.php\/wp-json\/wp\/v2\/product"}],"about":[{"href":"https:\/\/maenm.es\/index.php\/wp-json\/wp\/v2\/types\/product"}],"replies":[{"embeddable":true,"href":"https:\/\/maenm.es\/index.php\/wp-json\/wp\/v2\/comments?post=1463"}],"wp:featuredmedia":[{"embeddable":true,"href":"https:\/\/maenm.es\/index.php\/wp-json\/wp\/v2\/media\/1464"}],"wp:attachment":[{"href":"https:\/\/maenm.es\/index.php\/wp-json\/wp\/v2\/media?parent=1463"}],"wp:term":[{"taxonomy":"product_brand","embeddable":true,"href":"https:\/\/maenm.es\/index.php\/wp-json\/wp\/v2\/product_brand?post=1463"},{"taxonomy":"product_cat","embeddable":true,"href":"https:\/\/maenm.es\/index.php\/wp-json\/wp\/v2\/product_cat?post=1463"},{"taxonomy":"product_tag","embeddable":true,"href":"https:\/\/maenm.es\/index.php\/wp-json\/wp\/v2\/product_tag?post=1463"},{"taxonomy":"giftcard-category","embeddable":true,"href":"https:\/\/maenm.es\/index.php\/wp-json\/wp\/v2\/giftcard-category?post=1463"}],"curies":[{"name":"wp","href":"https:\/\/api.w.org\/{rel}","templated":true}]}}