{"id":1461,"date":"2026-04-20T22:47:32","date_gmt":"2026-04-20T20:47:32","guid":{"rendered":"https:\/\/maenm.es\/?post_type=product&#038;p=1461"},"modified":"2026-04-21T12:57:27","modified_gmt":"2026-04-21T10:57:27","slug":"colgante-corazon-mama","status":"publish","type":"product","link":"https:\/\/maenm.es\/index.php\/producto\/colgante-corazon-mama\/","title":{"rendered":"Colgante coraz\u00f3n mam\u00e1"},"content":{"rendered":"","protected":false},"excerpt":{"rendered":"<p>Un detalle lleno de significado para regalar en cualquier ocasi\u00f3n. Este\u00a0colgante en forma de coraz\u00f3n\u00a0incluye la\u00a0imagen de una mam\u00e1 y su hija, que puede adaptarse para reflejar la historia y la familia de cada persona. En la parte trasera lleva grabada una\u00a0frase bonita y personalizada, convirti\u00e9ndolo en un recuerdo \u00fanico que acompa\u00f1a siempre. Perfecto para expresar amor, gratitud y esos lazos que duran toda la vida.<\/p>\n","protected":false},"featured_media":1462,"comment_status":"open","ping_status":"closed","template":"","meta":[],"product_brand":[],"product_cat":[169],"product_tag":[],"giftcard-category":[],"class_list":{"0":"post-1461","1":"product","2":"type-product","3":"status-publish","4":"has-post-thumbnail","6":"product_cat-mama","8":"first","9":"instock","10":"shipping-taxable","11":"purchasable","12":"product-type-simple"},"_links":{"self":[{"href":"https:\/\/maenm.es\/index.php\/wp-json\/wp\/v2\/product\/1461","targetHints":{"allow":["GET"]}}],"collection":[{"href":"https:\/\/maenm.es\/index.php\/wp-json\/wp\/v2\/product"}],"about":[{"href":"https:\/\/maenm.es\/index.php\/wp-json\/wp\/v2\/types\/product"}],"replies":[{"embeddable":true,"href":"https:\/\/maenm.es\/index.php\/wp-json\/wp\/v2\/comments?post=1461"}],"wp:featuredmedia":[{"embeddable":true,"href":"https:\/\/maenm.es\/index.php\/wp-json\/wp\/v2\/media\/1462"}],"wp:attachment":[{"href":"https:\/\/maenm.es\/index.php\/wp-json\/wp\/v2\/media?parent=1461"}],"wp:term":[{"taxonomy":"product_brand","embeddable":true,"href":"https:\/\/maenm.es\/index.php\/wp-json\/wp\/v2\/product_brand?post=1461"},{"taxonomy":"product_cat","embeddable":true,"href":"https:\/\/maenm.es\/index.php\/wp-json\/wp\/v2\/product_cat?post=1461"},{"taxonomy":"product_tag","embeddable":true,"href":"https:\/\/maenm.es\/index.php\/wp-json\/wp\/v2\/product_tag?post=1461"},{"taxonomy":"giftcard-category","embeddable":true,"href":"https:\/\/maenm.es\/index.php\/wp-json\/wp\/v2\/giftcard-category?post=1461"}],"curies":[{"name":"wp","href":"https:\/\/api.w.org\/{rel}","templated":true}]}}