{"id":1459,"date":"2026-04-20T22:34:14","date_gmt":"2026-04-20T20:34:14","guid":{"rendered":"https:\/\/maenm.es\/?post_type=product&#038;p=1459"},"modified":"2026-04-21T12:57:47","modified_gmt":"2026-04-21T10:57:47","slug":"iman-mama-arcoiris","status":"publish","type":"product","link":"https:\/\/maenm.es\/index.php\/producto\/iman-mama-arcoiris\/","title":{"rendered":"Im\u00e1n mam\u00e1 arco\u00edris"},"content":{"rendered":"","protected":false},"excerpt":{"rendered":"<p>Celebra el D\u00eda de la Madre con un regalo lleno de ternura y personalidad. Este\u00a0im\u00e1n de madera personalizado\u00a0combina la calidez de un acabado natural con la alegr\u00eda de un\u00a0arco\u00edris decorativo, creando un recuerdo que ilumina cualquier rinc\u00f3n. Incluye una\u00a0foto especial, convirti\u00e9ndolo en un detalle emotivo y perfecto para sorprender a mam\u00e1 con algo hecho especialmente para ella. Ideal para colocar en la nevera, paneles met\u00e1licos o cualquier superficie imantada.<\/p>\n","protected":false},"featured_media":1460,"comment_status":"open","ping_status":"closed","template":"","meta":[],"product_brand":[],"product_cat":[169],"product_tag":[],"giftcard-category":[],"class_list":{"0":"post-1459","1":"product","2":"type-product","3":"status-publish","4":"has-post-thumbnail","6":"product_cat-mama","8":"first","9":"instock","10":"shipping-taxable","11":"purchasable","12":"product-type-simple"},"_links":{"self":[{"href":"https:\/\/maenm.es\/index.php\/wp-json\/wp\/v2\/product\/1459","targetHints":{"allow":["GET"]}}],"collection":[{"href":"https:\/\/maenm.es\/index.php\/wp-json\/wp\/v2\/product"}],"about":[{"href":"https:\/\/maenm.es\/index.php\/wp-json\/wp\/v2\/types\/product"}],"replies":[{"embeddable":true,"href":"https:\/\/maenm.es\/index.php\/wp-json\/wp\/v2\/comments?post=1459"}],"wp:featuredmedia":[{"embeddable":true,"href":"https:\/\/maenm.es\/index.php\/wp-json\/wp\/v2\/media\/1460"}],"wp:attachment":[{"href":"https:\/\/maenm.es\/index.php\/wp-json\/wp\/v2\/media?parent=1459"}],"wp:term":[{"taxonomy":"product_brand","embeddable":true,"href":"https:\/\/maenm.es\/index.php\/wp-json\/wp\/v2\/product_brand?post=1459"},{"taxonomy":"product_cat","embeddable":true,"href":"https:\/\/maenm.es\/index.php\/wp-json\/wp\/v2\/product_cat?post=1459"},{"taxonomy":"product_tag","embeddable":true,"href":"https:\/\/maenm.es\/index.php\/wp-json\/wp\/v2\/product_tag?post=1459"},{"taxonomy":"giftcard-category","embeddable":true,"href":"https:\/\/maenm.es\/index.php\/wp-json\/wp\/v2\/giftcard-category?post=1459"}],"curies":[{"name":"wp","href":"https:\/\/api.w.org\/{rel}","templated":true}]}}