{"id":1445,"date":"2026-02-19T10:08:51","date_gmt":"2026-02-19T09:08:51","guid":{"rendered":"https:\/\/maenm.es\/?post_type=product&#038;p=1445"},"modified":"2026-02-19T10:11:13","modified_gmt":"2026-02-19T09:11:13","slug":"esclava-hombre","status":"publish","type":"product","link":"https:\/\/maenm.es\/index.php\/producto\/esclava-hombre\/","title":{"rendered":"Esclava Hombre"},"content":{"rendered":"","protected":false},"excerpt":{"rendered":"<p>Un regalo elegante y lleno de significado. Esta esclava personalizada para el D\u00eda del Padre combina estilo y emoci\u00f3n en una pieza \u00fanica que Pap\u00e1 podr\u00e1 llevar siempre consigo. Puedes grabarla con\u00a0una frase especial, un nombre o una fecha importante, convirti\u00e9ndola en un detalle exclusivo que celebra los lazos familiares. Su dise\u00f1o moderno y resistente la convierte en un accesorio perfecto para recordar, cada d\u00eda, cu\u00e1nto se le quiere.<\/p>\n","protected":false},"featured_media":1446,"comment_status":"open","ping_status":"closed","template":"","meta":[],"product_brand":[],"product_cat":[168],"product_tag":[],"giftcard-category":[],"class_list":{"0":"post-1445","1":"product","2":"type-product","3":"status-publish","4":"has-post-thumbnail","6":"product_cat-papa","8":"first","9":"instock","10":"shipping-taxable","11":"purchasable","12":"product-type-simple"},"_links":{"self":[{"href":"https:\/\/maenm.es\/index.php\/wp-json\/wp\/v2\/product\/1445","targetHints":{"allow":["GET"]}}],"collection":[{"href":"https:\/\/maenm.es\/index.php\/wp-json\/wp\/v2\/product"}],"about":[{"href":"https:\/\/maenm.es\/index.php\/wp-json\/wp\/v2\/types\/product"}],"replies":[{"embeddable":true,"href":"https:\/\/maenm.es\/index.php\/wp-json\/wp\/v2\/comments?post=1445"}],"wp:featuredmedia":[{"embeddable":true,"href":"https:\/\/maenm.es\/index.php\/wp-json\/wp\/v2\/media\/1446"}],"wp:attachment":[{"href":"https:\/\/maenm.es\/index.php\/wp-json\/wp\/v2\/media?parent=1445"}],"wp:term":[{"taxonomy":"product_brand","embeddable":true,"href":"https:\/\/maenm.es\/index.php\/wp-json\/wp\/v2\/product_brand?post=1445"},{"taxonomy":"product_cat","embeddable":true,"href":"https:\/\/maenm.es\/index.php\/wp-json\/wp\/v2\/product_cat?post=1445"},{"taxonomy":"product_tag","embeddable":true,"href":"https:\/\/maenm.es\/index.php\/wp-json\/wp\/v2\/product_tag?post=1445"},{"taxonomy":"giftcard-category","embeddable":true,"href":"https:\/\/maenm.es\/index.php\/wp-json\/wp\/v2\/giftcard-category?post=1445"}],"curies":[{"name":"wp","href":"https:\/\/api.w.org\/{rel}","templated":true}]}}