{"id":1439,"date":"2026-02-19T09:58:32","date_gmt":"2026-02-19T08:58:32","guid":{"rendered":"https:\/\/maenm.es\/?post_type=product&#038;p=1439"},"modified":"2026-02-19T10:02:09","modified_gmt":"2026-02-19T09:02:09","slug":"trofeo-superpapa","status":"publish","type":"product","link":"https:\/\/maenm.es\/index.php\/producto\/trofeo-superpapa\/","title":{"rendered":"Trofeo SuperPap\u00e1"},"content":{"rendered":"<p>Tama\u00f1o 9&#215;9 cm<\/p>\n","protected":false},"excerpt":{"rendered":"<p>Un detalle que celebra al h\u00e9roe de la familia. Este adorno combina\u00a0<strong>PLA de alta calidad<\/strong>\u00a0con una base de\u00a0madera natural, representando a un pap\u00e1 con capa de superh\u00e9roe tomado de la mano de su hijo. Su dise\u00f1o tierno y simb\u00f3lico lo convierte en una pieza decorativa perfecta para regalar en el D\u00eda del Padre. Un homenaje visual que recuerda, cada d\u00eda, que Pap\u00e1 es el verdadero superh\u00e9roe del hogar.<\/p>\n","protected":false},"featured_media":1440,"comment_status":"open","ping_status":"closed","template":"","meta":[],"product_brand":[],"product_cat":[168],"product_tag":[],"giftcard-category":[],"class_list":{"0":"post-1439","1":"product","2":"type-product","3":"status-publish","4":"has-post-thumbnail","6":"product_cat-papa","8":"first","9":"instock","10":"shipping-taxable","11":"purchasable","12":"product-type-simple"},"_links":{"self":[{"href":"https:\/\/maenm.es\/index.php\/wp-json\/wp\/v2\/product\/1439","targetHints":{"allow":["GET"]}}],"collection":[{"href":"https:\/\/maenm.es\/index.php\/wp-json\/wp\/v2\/product"}],"about":[{"href":"https:\/\/maenm.es\/index.php\/wp-json\/wp\/v2\/types\/product"}],"replies":[{"embeddable":true,"href":"https:\/\/maenm.es\/index.php\/wp-json\/wp\/v2\/comments?post=1439"}],"wp:featuredmedia":[{"embeddable":true,"href":"https:\/\/maenm.es\/index.php\/wp-json\/wp\/v2\/media\/1440"}],"wp:attachment":[{"href":"https:\/\/maenm.es\/index.php\/wp-json\/wp\/v2\/media?parent=1439"}],"wp:term":[{"taxonomy":"product_brand","embeddable":true,"href":"https:\/\/maenm.es\/index.php\/wp-json\/wp\/v2\/product_brand?post=1439"},{"taxonomy":"product_cat","embeddable":true,"href":"https:\/\/maenm.es\/index.php\/wp-json\/wp\/v2\/product_cat?post=1439"},{"taxonomy":"product_tag","embeddable":true,"href":"https:\/\/maenm.es\/index.php\/wp-json\/wp\/v2\/product_tag?post=1439"},{"taxonomy":"giftcard-category","embeddable":true,"href":"https:\/\/maenm.es\/index.php\/wp-json\/wp\/v2\/giftcard-category?post=1439"}],"curies":[{"name":"wp","href":"https:\/\/api.w.org\/{rel}","templated":true}]}}