{"id":1436,"date":"2026-02-19T09:48:12","date_gmt":"2026-02-19T08:48:12","guid":{"rendered":"https:\/\/maenm.es\/?post_type=product&#038;p=1436"},"modified":"2026-02-19T09:57:51","modified_gmt":"2026-02-19T08:57:51","slug":"adorno-madera-papa-de-cine","status":"publish","type":"product","link":"https:\/\/maenm.es\/index.php\/producto\/adorno-madera-papa-de-cine\/","title":{"rendered":"Adorno madera, Pap\u00e1 de cine"},"content":{"rendered":"<p>Tama\u00f1o aproximado 23&#215;20 cm<\/p>\n","protected":false},"excerpt":{"rendered":"<p>Un regalo original para los pap\u00e1s amantes del cine. Este adorno con tem\u00e1tica cinematogr\u00e1fica combina dise\u00f1o creativo y emoci\u00f3n, incorporando la frase\u00a0<strong>\u201cEl mejor pap\u00e1 del mundo\u201d<\/strong>\u00a0junto a\u00a0varias fotos personalizadas\u00a0que capturan momentos inolvidables. Su estilo inspirado en el s\u00e9ptimo arte lo convierte en una pieza decorativa \u00fanica, perfecta para sorprender a Pap\u00e1 con un detalle que celebra sus mejores escenas en familia.<\/p>\n","protected":false},"featured_media":1438,"comment_status":"open","ping_status":"closed","template":"","meta":[],"product_brand":[],"product_cat":[168],"product_tag":[],"giftcard-category":[],"class_list":{"0":"post-1436","1":"product","2":"type-product","3":"status-publish","4":"has-post-thumbnail","6":"product_cat-papa","8":"first","9":"instock","10":"shipping-taxable","11":"purchasable","12":"product-type-simple"},"_links":{"self":[{"href":"https:\/\/maenm.es\/index.php\/wp-json\/wp\/v2\/product\/1436","targetHints":{"allow":["GET"]}}],"collection":[{"href":"https:\/\/maenm.es\/index.php\/wp-json\/wp\/v2\/product"}],"about":[{"href":"https:\/\/maenm.es\/index.php\/wp-json\/wp\/v2\/types\/product"}],"replies":[{"embeddable":true,"href":"https:\/\/maenm.es\/index.php\/wp-json\/wp\/v2\/comments?post=1436"}],"wp:featuredmedia":[{"embeddable":true,"href":"https:\/\/maenm.es\/index.php\/wp-json\/wp\/v2\/media\/1438"}],"wp:attachment":[{"href":"https:\/\/maenm.es\/index.php\/wp-json\/wp\/v2\/media?parent=1436"}],"wp:term":[{"taxonomy":"product_brand","embeddable":true,"href":"https:\/\/maenm.es\/index.php\/wp-json\/wp\/v2\/product_brand?post=1436"},{"taxonomy":"product_cat","embeddable":true,"href":"https:\/\/maenm.es\/index.php\/wp-json\/wp\/v2\/product_cat?post=1436"},{"taxonomy":"product_tag","embeddable":true,"href":"https:\/\/maenm.es\/index.php\/wp-json\/wp\/v2\/product_tag?post=1436"},{"taxonomy":"giftcard-category","embeddable":true,"href":"https:\/\/maenm.es\/index.php\/wp-json\/wp\/v2\/giftcard-category?post=1436"}],"curies":[{"name":"wp","href":"https:\/\/api.w.org\/{rel}","templated":true}]}}